{"id":7,"date":"2025-07-04T07:59:15","date_gmt":"2025-07-04T07:59:15","guid":{"rendered":"http:\/\/www.caroline-arucci.fr\/?page_id=7"},"modified":"2026-01-30T09:05:01","modified_gmt":"2026-01-30T09:05:01","slug":"une-histoire","status":"publish","type":"page","link":"https:\/\/www.caroline-arucci.fr\/index.php\/une-histoire\/","title":{"rendered":"A propos"},"content":{"rendered":"\n<figure class=\"wp-block-image size-full\"><img loading=\"lazy\" decoding=\"async\" width=\"795\" height=\"208\" src=\"https:\/\/www.caroline-arucci.fr\/wp-content\/uploads\/2025\/07\/1751782480985.jpeg\" alt=\"Caroline Arucci artiste\" class=\"wp-image-38\" srcset=\"https:\/\/www.caroline-arucci.fr\/wp-content\/uploads\/2025\/07\/1751782480985.jpeg 795w, https:\/\/www.caroline-arucci.fr\/wp-content\/uploads\/2025\/07\/1751782480985-300x78.jpeg 300w, https:\/\/www.caroline-arucci.fr\/wp-content\/uploads\/2025\/07\/1751782480985-768x201.jpeg 768w\" sizes=\"auto, (max-width: 795px) 100vw, 795px\" \/><\/figure>\n\n\n\n<div class=\"wp-block-group alignfull has-global-padding is-layout-constrained wp-container-core-group-is-layout-0c9c989a wp-block-group-is-layout-constrained\" style=\"min-height:0vh;margin-top:0;margin-bottom:0;padding-top:var(--wp--preset--spacing--70);padding-right:var(--wp--preset--spacing--40);padding-bottom:var(--wp--preset--spacing--70);padding-left:var(--wp--preset--spacing--40)\">\n<div class=\"wp-block-group has-global-padding is-layout-constrained wp-container-core-group-is-layout-346627ba wp-block-group-is-layout-constrained\">\n<p>Caroline Arucci est une artiste plasticienne pluridisciplinaire. Elle vit et travaille \u00e0 Paris au sein d\u2019une association d\u2019artistes. Agr\u00e9g\u00e9e d\u2019arts plastiques, elle enseigne aussi dans l\u2019enseignement secondaire et sup\u00e9rieur.&nbsp;<\/p>\n\n\n\n<p>Apr\u00e8s avoir suivi une formation culturelle, (histoire de l&rsquo;art \u00e0 l&rsquo;Ecole du Louvre ; chinois mandarin \u00e0 l&rsquo;INALCO-Langues\u2019O), elle a exerc\u00e9 &nbsp;comme conf\u00e9renci\u00e8re nationale dans les mus\u00e9es et s\u2019est nourrie aussi bien d\u2019\u0153uvres d\u2019auteurs litt\u00e9raires et philosophiques &#8211; comme Gaston Bachelard &#8211; que d\u2019artistes plasticiens, parmi lesquels les symbolistes.<\/p>\n\n\n\n<p>Ses techniques de pr\u00e9dilection sont le dessin et la peinture, mais elle pratique \u00e9galement la gravure, le modelage, le moulage et la performance en tant qu&rsquo;interpr\u00e8te. Selon ses projets, elle choisit des mat\u00e9riaux sp\u00e9cifiques tels plumes, verre, cire ou cendres. Artiste figurative,&nbsp;elle s\u2019int\u00e9resse particuli\u00e8rement \u00e0 la repr\u00e9sentation du corps et du paysage.&nbsp; Ses r\u00e9alisations donnent \u00e0 voir notre monde sous une forme sacralis\u00e9e.<\/p>\n\n\n\n<p>Dans son travail, elle cherche \u00e0 montrer comment ce qui est imperceptible de l\u2019ext\u00e9rieur peut en r\u00e9alit\u00e9 avoir une pr\u00e9sence forte.<em>&nbsp;&nbsp;<\/em>Elle explore cette question de l\u2019invisibilit\u00e9 en utilisant des mat\u00e9riaux translucides ou des formes incompl\u00e8tes.<\/p>\n\n\n\n<p>Elle se consacre actuellement \u00e0 la pr\u00e9paration de s\u00e9ries autour de l&rsquo;expressivit\u00e9 gestuelle intime, inspir\u00e9e par une longue pratique personnelle de la danse.<\/p>\n\n\n\n<p><\/p>\n\n\n\n<p><\/p>\n<\/div>\n\n\n\n<h2 class=\"wp-block-heading\"><\/h2>\n<\/div>\n\n\n\n<div class=\"wp-block-group alignfull has-global-padding is-layout-constrained wp-container-core-group-is-layout-0c9c989a wp-block-group-is-layout-constrained\" style=\"min-height:0vh;margin-top:0;margin-bottom:0;padding-top:var(--wp--preset--spacing--70);padding-right:var(--wp--preset--spacing--40);padding-bottom:var(--wp--preset--spacing--70);padding-left:var(--wp--preset--spacing--40)\">\n<div class=\"wp-block-group has-global-padding is-layout-constrained wp-container-core-group-is-layout-346627ba wp-block-group-is-layout-constrained\">\n<p class=\"has-text-align-center\"><\/p>\n<\/div>\n<\/div>\n","protected":false},"excerpt":{"rendered":"<p>Caroline Arucci est une artiste plasticienne pluridisciplinaire. Elle vit et travaille \u00e0 Paris au sein d\u2019une association d\u2019artistes. Agr\u00e9g\u00e9e d\u2019arts plastiques, elle enseigne aussi dans l\u2019enseignement secondaire et sup\u00e9rieur.&nbsp; Apr\u00e8s avoir suivi une formation culturelle, (histoire de l&rsquo;art \u00e0 l&rsquo;Ecole du Louvre ; chinois mandarin \u00e0 l&rsquo;INALCO-Langues\u2019O), elle a exerc\u00e9 &nbsp;comme conf\u00e9renci\u00e8re nationale dans les [&hellip;]<\/p>\n","protected":false},"author":1,"featured_media":0,"parent":0,"menu_order":0,"comment_status":"closed","ping_status":"closed","template":"","meta":{"om_disable_all_campaigns":false,"_monsterinsights_skip_tracking":false,"_monsterinsights_sitenote_active":false,"_monsterinsights_sitenote_note":"","_monsterinsights_sitenote_category":0,"footnotes":""},"class_list":["post-7","page","type-page","status-publish","hentry"],"aioseo_notices":[],"_links":{"self":[{"href":"https:\/\/www.caroline-arucci.fr\/index.php\/wp-json\/wp\/v2\/pages\/7","targetHints":{"allow":["GET"]}}],"collection":[{"href":"https:\/\/www.caroline-arucci.fr\/index.php\/wp-json\/wp\/v2\/pages"}],"about":[{"href":"https:\/\/www.caroline-arucci.fr\/index.php\/wp-json\/wp\/v2\/types\/page"}],"author":[{"embeddable":true,"href":"https:\/\/www.caroline-arucci.fr\/index.php\/wp-json\/wp\/v2\/users\/1"}],"replies":[{"embeddable":true,"href":"https:\/\/www.caroline-arucci.fr\/index.php\/wp-json\/wp\/v2\/comments?post=7"}],"version-history":[{"count":16,"href":"https:\/\/www.caroline-arucci.fr\/index.php\/wp-json\/wp\/v2\/pages\/7\/revisions"}],"predecessor-version":[{"id":1335,"href":"https:\/\/www.caroline-arucci.fr\/index.php\/wp-json\/wp\/v2\/pages\/7\/revisions\/1335"}],"wp:attachment":[{"href":"https:\/\/www.caroline-arucci.fr\/index.php\/wp-json\/wp\/v2\/media?parent=7"}],"curies":[{"name":"wp","href":"https:\/\/api.w.org\/{rel}","templated":true}]}}