{"id":590,"date":"2025-07-15T11:21:38","date_gmt":"2025-07-15T11:21:38","guid":{"rendered":"https:\/\/www.caroline-arucci.fr\/?page_id=590"},"modified":"2025-08-06T16:20:08","modified_gmt":"2025-08-06T16:20:08","slug":"ecrans-de-contemplation","status":"publish","type":"page","link":"https:\/\/www.caroline-arucci.fr\/index.php\/ecrans-de-contemplation\/","title":{"rendered":"\u00c9crans de contemplation"},"content":{"rendered":"\n<p class=\"has-text-align-right\">2021-<\/p>\n\n\n\n<p>Alors que les \u00e9crans interactifs envahissent notre quotidien, ce travail de gravure sur \u00e9crans d\u2019ordinateur, de tablette et de smartphone propose une contemplation de la surface elle-m\u00eame, un temps d\u2019arr\u00eat, une contemplation fixe d\u00e9pouill\u00e9e de toute action.<\/p>\n\n\n\n<div class=\"wp-block-columns is-layout-flex wp-container-core-columns-is-layout-28f84493 wp-block-columns-is-layout-flex\">\n<div class=\"wp-block-column is-layout-flow wp-block-column-is-layout-flow\" style=\"flex-basis:66.66%\">\n<figure data-wp-context=\"{&quot;imageId&quot;:&quot;69ea333d92078&quot;}\" data-wp-interactive=\"core\/image\" data-wp-key=\"69ea333d92078\" class=\"wp-block-image aligncenter size-large wp-lightbox-container\"><img decoding=\"async\" data-wp-class--hide=\"state.isContentHidden\" data-wp-class--show=\"state.isContentVisible\" data-wp-init=\"callbacks.setButtonStyles\" data-wp-on--click=\"actions.showLightbox\" data-wp-on--load=\"callbacks.setButtonStyles\" data-wp-on-window--resize=\"callbacks.setButtonStyles\" src=\"https:\/\/www.caroline-arucci.fr\/wp-content\/uploads\/2025\/07\/img_7667-1-1024x1024.jpg\" alt=\"\" class=\"wp-image-592\"\/><button\n\t\t\tclass=\"lightbox-trigger\"\n\t\t\ttype=\"button\"\n\t\t\taria-haspopup=\"dialog\"\n\t\t\taria-label=\"Agrandir\"\n\t\t\tdata-wp-init=\"callbacks.initTriggerButton\"\n\t\t\tdata-wp-on--click=\"actions.showLightbox\"\n\t\t\tdata-wp-style--right=\"state.imageButtonRight\"\n\t\t\tdata-wp-style--top=\"state.imageButtonTop\"\n\t\t>\n\t\t\t<svg xmlns=\"http:\/\/www.w3.org\/2000\/svg\" width=\"12\" height=\"12\" fill=\"none\" viewBox=\"0 0 12 12\">\n\t\t\t\t<path fill=\"#fff\" d=\"M2 0a2 2 0 0 0-2 2v2h1.5V2a.5.5 0 0 1 .5-.5h2V0H2Zm2 10.5H2a.5.5 0 0 1-.5-.5V8H0v2a2 2 0 0 0 2 2h2v-1.5ZM8 12v-1.5h2a.5.5 0 0 0 .5-.5V8H12v2a2 2 0 0 1-2 2H8Zm2-12a2 2 0 0 1 2 2v2h-1.5V2a.5.5 0 0 0-.5-.5H8V0h2Z\" \/>\n\t\t\t<\/svg>\n\t\t<\/button><figcaption class=\"wp-element-caption\"><em>Espace-temps (\u5c71\u6c34\uff09<\/em><br>\u00c9cran d\u2019ordinateur grav\u00e9<br>2022<\/figcaption><\/figure>\n<\/div>\n\n\n\n<div class=\"wp-block-column is-layout-flow wp-block-column-is-layout-flow\" style=\"flex-basis:33.33%\">\n<figure data-wp-context=\"{&quot;imageId&quot;:&quot;69ea333d92f74&quot;}\" data-wp-interactive=\"core\/image\" data-wp-key=\"69ea333d92f74\" class=\"wp-block-image size-large wp-lightbox-container\"><img loading=\"lazy\" decoding=\"async\" width=\"1024\" height=\"1024\" data-wp-class--hide=\"state.isContentHidden\" data-wp-class--show=\"state.isContentVisible\" data-wp-init=\"callbacks.setButtonStyles\" data-wp-on--click=\"actions.showLightbox\" data-wp-on--load=\"callbacks.setButtonStyles\" data-wp-on-window--resize=\"callbacks.setButtonStyles\" src=\"https:\/\/www.caroline-arucci.fr\/wp-content\/uploads\/2025\/07\/img_7670-1-1024x1024.jpg\" alt=\"\" class=\"wp-image-594\" style=\"aspect-ratio:1;object-fit:cover\" srcset=\"https:\/\/www.caroline-arucci.fr\/wp-content\/uploads\/2025\/07\/img_7670-1-1024x1024.jpg 1024w, https:\/\/www.caroline-arucci.fr\/wp-content\/uploads\/2025\/07\/img_7670-1-300x300.jpg 300w, https:\/\/www.caroline-arucci.fr\/wp-content\/uploads\/2025\/07\/img_7670-1-150x150.jpg 150w, https:\/\/www.caroline-arucci.fr\/wp-content\/uploads\/2025\/07\/img_7670-1-768x768.jpg 768w, https:\/\/www.caroline-arucci.fr\/wp-content\/uploads\/2025\/07\/img_7670-1-1536x1536.jpg 1536w, https:\/\/www.caroline-arucci.fr\/wp-content\/uploads\/2025\/07\/img_7670-1.jpg 2000w\" sizes=\"auto, (max-width: 1024px) 100vw, 1024px\" \/><button\n\t\t\tclass=\"lightbox-trigger\"\n\t\t\ttype=\"button\"\n\t\t\taria-haspopup=\"dialog\"\n\t\t\taria-label=\"Agrandir\"\n\t\t\tdata-wp-init=\"callbacks.initTriggerButton\"\n\t\t\tdata-wp-on--click=\"actions.showLightbox\"\n\t\t\tdata-wp-style--right=\"state.imageButtonRight\"\n\t\t\tdata-wp-style--top=\"state.imageButtonTop\"\n\t\t>\n\t\t\t<svg xmlns=\"http:\/\/www.w3.org\/2000\/svg\" width=\"12\" height=\"12\" fill=\"none\" viewBox=\"0 0 12 12\">\n\t\t\t\t<path fill=\"#fff\" d=\"M2 0a2 2 0 0 0-2 2v2h1.5V2a.5.5 0 0 1 .5-.5h2V0H2Zm2 10.5H2a.5.5 0 0 1-.5-.5V8H0v2a2 2 0 0 0 2 2h2v-1.5ZM8 12v-1.5h2a.5.5 0 0 0 .5-.5V8H12v2a2 2 0 0 1-2 2H8Zm2-12a2 2 0 0 1 2 2v2h-1.5V2a.5.5 0 0 0-.5-.5H8V0h2Z\" \/>\n\t\t\t<\/svg>\n\t\t<\/button><\/figure>\n\n\n\n<figure data-wp-context=\"{&quot;imageId&quot;:&quot;69ea333d932f9&quot;}\" data-wp-interactive=\"core\/image\" data-wp-key=\"69ea333d932f9\" class=\"wp-block-image size-large wp-lightbox-container\"><img loading=\"lazy\" decoding=\"async\" width=\"1024\" height=\"1024\" data-wp-class--hide=\"state.isContentHidden\" data-wp-class--show=\"state.isContentVisible\" data-wp-init=\"callbacks.setButtonStyles\" data-wp-on--click=\"actions.showLightbox\" data-wp-on--load=\"callbacks.setButtonStyles\" data-wp-on-window--resize=\"callbacks.setButtonStyles\" src=\"https:\/\/www.caroline-arucci.fr\/wp-content\/uploads\/2025\/07\/img_7672-1-1024x1024.jpg\" alt=\"\" class=\"wp-image-593\" srcset=\"https:\/\/www.caroline-arucci.fr\/wp-content\/uploads\/2025\/07\/img_7672-1-1024x1024.jpg 1024w, https:\/\/www.caroline-arucci.fr\/wp-content\/uploads\/2025\/07\/img_7672-1-300x300.jpg 300w, https:\/\/www.caroline-arucci.fr\/wp-content\/uploads\/2025\/07\/img_7672-1-150x150.jpg 150w, https:\/\/www.caroline-arucci.fr\/wp-content\/uploads\/2025\/07\/img_7672-1-768x768.jpg 768w, https:\/\/www.caroline-arucci.fr\/wp-content\/uploads\/2025\/07\/img_7672-1-1536x1536.jpg 1536w, https:\/\/www.caroline-arucci.fr\/wp-content\/uploads\/2025\/07\/img_7672-1.jpg 2000w\" sizes=\"auto, (max-width: 1024px) 100vw, 1024px\" \/><button\n\t\t\tclass=\"lightbox-trigger\"\n\t\t\ttype=\"button\"\n\t\t\taria-haspopup=\"dialog\"\n\t\t\taria-label=\"Agrandir\"\n\t\t\tdata-wp-init=\"callbacks.initTriggerButton\"\n\t\t\tdata-wp-on--click=\"actions.showLightbox\"\n\t\t\tdata-wp-style--right=\"state.imageButtonRight\"\n\t\t\tdata-wp-style--top=\"state.imageButtonTop\"\n\t\t>\n\t\t\t<svg xmlns=\"http:\/\/www.w3.org\/2000\/svg\" width=\"12\" height=\"12\" fill=\"none\" viewBox=\"0 0 12 12\">\n\t\t\t\t<path fill=\"#fff\" d=\"M2 0a2 2 0 0 0-2 2v2h1.5V2a.5.5 0 0 1 .5-.5h2V0H2Zm2 10.5H2a.5.5 0 0 1-.5-.5V8H0v2a2 2 0 0 0 2 2h2v-1.5ZM8 12v-1.5h2a.5.5 0 0 0 .5-.5V8H12v2a2 2 0 0 1-2 2H8Zm2-12a2 2 0 0 1 2 2v2h-1.5V2a.5.5 0 0 0-.5-.5H8V0h2Z\" \/>\n\t\t\t<\/svg>\n\t\t<\/button><\/figure>\n<\/div>\n<\/div>\n\n\n\n<div class=\"wp-block-columns is-layout-flex wp-container-core-columns-is-layout-28f84493 wp-block-columns-is-layout-flex\">\n<div class=\"wp-block-column is-layout-flow wp-block-column-is-layout-flow\" style=\"flex-basis:66.66%\">\n<figure data-wp-context=\"{&quot;imageId&quot;:&quot;69ea333d9376b&quot;}\" data-wp-interactive=\"core\/image\" data-wp-key=\"69ea333d9376b\" class=\"wp-block-image aligncenter size-large wp-lightbox-container\"><img loading=\"lazy\" decoding=\"async\" width=\"745\" height=\"1024\" data-wp-class--hide=\"state.isContentHidden\" data-wp-class--show=\"state.isContentVisible\" data-wp-init=\"callbacks.setButtonStyles\" data-wp-on--click=\"actions.showLightbox\" data-wp-on--load=\"callbacks.setButtonStyles\" data-wp-on-window--resize=\"callbacks.setButtonStyles\" src=\"https:\/\/www.caroline-arucci.fr\/wp-content\/uploads\/2025\/07\/05d4434f-c653-4647-84f8-3e55b5e5b41c-1-745x1024.jpg\" alt=\"\" class=\"wp-image-603\" srcset=\"https:\/\/www.caroline-arucci.fr\/wp-content\/uploads\/2025\/07\/05d4434f-c653-4647-84f8-3e55b5e5b41c-1-745x1024.jpg 745w, https:\/\/www.caroline-arucci.fr\/wp-content\/uploads\/2025\/07\/05d4434f-c653-4647-84f8-3e55b5e5b41c-1-218x300.jpg 218w, https:\/\/www.caroline-arucci.fr\/wp-content\/uploads\/2025\/07\/05d4434f-c653-4647-84f8-3e55b5e5b41c-1-768x1055.jpg 768w, https:\/\/www.caroline-arucci.fr\/wp-content\/uploads\/2025\/07\/05d4434f-c653-4647-84f8-3e55b5e5b41c-1.jpg 1009w\" sizes=\"auto, (max-width: 745px) 100vw, 745px\" \/><button\n\t\t\tclass=\"lightbox-trigger\"\n\t\t\ttype=\"button\"\n\t\t\taria-haspopup=\"dialog\"\n\t\t\taria-label=\"Agrandir\"\n\t\t\tdata-wp-init=\"callbacks.initTriggerButton\"\n\t\t\tdata-wp-on--click=\"actions.showLightbox\"\n\t\t\tdata-wp-style--right=\"state.imageButtonRight\"\n\t\t\tdata-wp-style--top=\"state.imageButtonTop\"\n\t\t>\n\t\t\t<svg xmlns=\"http:\/\/www.w3.org\/2000\/svg\" width=\"12\" height=\"12\" fill=\"none\" viewBox=\"0 0 12 12\">\n\t\t\t\t<path fill=\"#fff\" d=\"M2 0a2 2 0 0 0-2 2v2h1.5V2a.5.5 0 0 1 .5-.5h2V0H2Zm2 10.5H2a.5.5 0 0 1-.5-.5V8H0v2a2 2 0 0 0 2 2h2v-1.5ZM8 12v-1.5h2a.5.5 0 0 0 .5-.5V8H12v2a2 2 0 0 1-2 2H8Zm2-12a2 2 0 0 1 2 2v2h-1.5V2a.5.5 0 0 0-.5-.5H8V0h2Z\" \/>\n\t\t\t<\/svg>\n\t\t<\/button><figcaption class=\"wp-element-caption\">Gravure et acrylique sur \u00e9cran de tablette bris\u00e9 -2022<\/figcaption><\/figure>\n<\/div>\n\n\n\n<div class=\"wp-block-column is-layout-flow wp-block-column-is-layout-flow\" style=\"flex-basis:33.33%\">\n<figure data-wp-context=\"{&quot;imageId&quot;:&quot;69ea333d93b57&quot;}\" data-wp-interactive=\"core\/image\" data-wp-key=\"69ea333d93b57\" class=\"wp-block-image size-large wp-lightbox-container\"><img loading=\"lazy\" decoding=\"async\" width=\"1024\" height=\"1024\" data-wp-class--hide=\"state.isContentHidden\" data-wp-class--show=\"state.isContentVisible\" data-wp-init=\"callbacks.setButtonStyles\" data-wp-on--click=\"actions.showLightbox\" data-wp-on--load=\"callbacks.setButtonStyles\" data-wp-on-window--resize=\"callbacks.setButtonStyles\" src=\"https:\/\/www.caroline-arucci.fr\/wp-content\/uploads\/2025\/07\/img_7390-1-1024x1024.jpg\" alt=\"\" class=\"wp-image-604\" srcset=\"https:\/\/www.caroline-arucci.fr\/wp-content\/uploads\/2025\/07\/img_7390-1-1024x1024.jpg 1024w, https:\/\/www.caroline-arucci.fr\/wp-content\/uploads\/2025\/07\/img_7390-1-300x300.jpg 300w, https:\/\/www.caroline-arucci.fr\/wp-content\/uploads\/2025\/07\/img_7390-1-150x150.jpg 150w, https:\/\/www.caroline-arucci.fr\/wp-content\/uploads\/2025\/07\/img_7390-1-768x768.jpg 768w, https:\/\/www.caroline-arucci.fr\/wp-content\/uploads\/2025\/07\/img_7390-1-1536x1536.jpg 1536w, https:\/\/www.caroline-arucci.fr\/wp-content\/uploads\/2025\/07\/img_7390-1.jpg 2000w\" sizes=\"auto, (max-width: 1024px) 100vw, 1024px\" \/><button\n\t\t\tclass=\"lightbox-trigger\"\n\t\t\ttype=\"button\"\n\t\t\taria-haspopup=\"dialog\"\n\t\t\taria-label=\"Agrandir\"\n\t\t\tdata-wp-init=\"callbacks.initTriggerButton\"\n\t\t\tdata-wp-on--click=\"actions.showLightbox\"\n\t\t\tdata-wp-style--right=\"state.imageButtonRight\"\n\t\t\tdata-wp-style--top=\"state.imageButtonTop\"\n\t\t>\n\t\t\t<svg xmlns=\"http:\/\/www.w3.org\/2000\/svg\" width=\"12\" height=\"12\" fill=\"none\" viewBox=\"0 0 12 12\">\n\t\t\t\t<path fill=\"#fff\" d=\"M2 0a2 2 0 0 0-2 2v2h1.5V2a.5.5 0 0 1 .5-.5h2V0H2Zm2 10.5H2a.5.5 0 0 1-.5-.5V8H0v2a2 2 0 0 0 2 2h2v-1.5ZM8 12v-1.5h2a.5.5 0 0 0 .5-.5V8H12v2a2 2 0 0 1-2 2H8Zm2-12a2 2 0 0 1 2 2v2h-1.5V2a.5.5 0 0 0-.5-.5H8V0h2Z\" \/>\n\t\t\t<\/svg>\n\t\t<\/button><\/figure>\n<\/div>\n<\/div>\n\n\n\n<div class=\"wp-block-columns is-layout-flex wp-container-core-columns-is-layout-28f84493 wp-block-columns-is-layout-flex\">\n<div class=\"wp-block-column is-layout-flow wp-block-column-is-layout-flow\" style=\"flex-basis:66.66%\">\n<figure data-wp-context=\"{&quot;imageId&quot;:&quot;69ea333d93f68&quot;}\" data-wp-interactive=\"core\/image\" data-wp-key=\"69ea333d93f68\" class=\"wp-block-image aligncenter size-large wp-lightbox-container\"><img loading=\"lazy\" decoding=\"async\" width=\"967\" height=\"1024\" data-wp-class--hide=\"state.isContentHidden\" data-wp-class--show=\"state.isContentVisible\" data-wp-init=\"callbacks.setButtonStyles\" data-wp-on--click=\"actions.showLightbox\" data-wp-on--load=\"callbacks.setButtonStyles\" data-wp-on-window--resize=\"callbacks.setButtonStyles\" src=\"https:\/\/www.caroline-arucci.fr\/wp-content\/uploads\/2025\/07\/fc66bcba-615a-4dac-9410-bd30acc6ee26-1-967x1024.jpg\" alt=\"\" class=\"wp-image-609\" srcset=\"https:\/\/www.caroline-arucci.fr\/wp-content\/uploads\/2025\/07\/fc66bcba-615a-4dac-9410-bd30acc6ee26-1-967x1024.jpg 967w, https:\/\/www.caroline-arucci.fr\/wp-content\/uploads\/2025\/07\/fc66bcba-615a-4dac-9410-bd30acc6ee26-1-283x300.jpg 283w, https:\/\/www.caroline-arucci.fr\/wp-content\/uploads\/2025\/07\/fc66bcba-615a-4dac-9410-bd30acc6ee26-1-768x814.jpg 768w, https:\/\/www.caroline-arucci.fr\/wp-content\/uploads\/2025\/07\/fc66bcba-615a-4dac-9410-bd30acc6ee26-1.jpg 1313w\" sizes=\"auto, (max-width: 967px) 100vw, 967px\" \/><button\n\t\t\tclass=\"lightbox-trigger\"\n\t\t\ttype=\"button\"\n\t\t\taria-haspopup=\"dialog\"\n\t\t\taria-label=\"Agrandir\"\n\t\t\tdata-wp-init=\"callbacks.initTriggerButton\"\n\t\t\tdata-wp-on--click=\"actions.showLightbox\"\n\t\t\tdata-wp-style--right=\"state.imageButtonRight\"\n\t\t\tdata-wp-style--top=\"state.imageButtonTop\"\n\t\t>\n\t\t\t<svg xmlns=\"http:\/\/www.w3.org\/2000\/svg\" width=\"12\" height=\"12\" fill=\"none\" viewBox=\"0 0 12 12\">\n\t\t\t\t<path fill=\"#fff\" d=\"M2 0a2 2 0 0 0-2 2v2h1.5V2a.5.5 0 0 1 .5-.5h2V0H2Zm2 10.5H2a.5.5 0 0 1-.5-.5V8H0v2a2 2 0 0 0 2 2h2v-1.5ZM8 12v-1.5h2a.5.5 0 0 0 .5-.5V8H12v2a2 2 0 0 1-2 2H8Zm2-12a2 2 0 0 1 2 2v2h-1.5V2a.5.5 0 0 0-.5-.5H8V0h2Z\" \/>\n\t\t\t<\/svg>\n\t\t<\/button><figcaption class=\"wp-element-caption\">\u00c9cran d\u2019ordinateur grav\u00e9 -2022<\/figcaption><\/figure>\n<\/div>\n\n\n\n<div class=\"wp-block-column is-layout-flow wp-block-column-is-layout-flow\" style=\"flex-basis:33.33%\">\n<figure data-wp-context=\"{&quot;imageId&quot;:&quot;69ea333d9434b&quot;}\" data-wp-interactive=\"core\/image\" data-wp-key=\"69ea333d9434b\" class=\"wp-block-image size-large wp-lightbox-container\"><img loading=\"lazy\" decoding=\"async\" width=\"1024\" height=\"782\" data-wp-class--hide=\"state.isContentHidden\" data-wp-class--show=\"state.isContentVisible\" data-wp-init=\"callbacks.setButtonStyles\" data-wp-on--click=\"actions.showLightbox\" data-wp-on--load=\"callbacks.setButtonStyles\" data-wp-on-window--resize=\"callbacks.setButtonStyles\" src=\"https:\/\/www.caroline-arucci.fr\/wp-content\/uploads\/2025\/07\/44083cde-9389-4fce-9665-ab11feb5cd7b-1-1024x782.jpg\" alt=\"\" class=\"wp-image-611\" srcset=\"https:\/\/www.caroline-arucci.fr\/wp-content\/uploads\/2025\/07\/44083cde-9389-4fce-9665-ab11feb5cd7b-1-1024x782.jpg 1024w, https:\/\/www.caroline-arucci.fr\/wp-content\/uploads\/2025\/07\/44083cde-9389-4fce-9665-ab11feb5cd7b-1-300x229.jpg 300w, https:\/\/www.caroline-arucci.fr\/wp-content\/uploads\/2025\/07\/44083cde-9389-4fce-9665-ab11feb5cd7b-1-768x587.jpg 768w, https:\/\/www.caroline-arucci.fr\/wp-content\/uploads\/2025\/07\/44083cde-9389-4fce-9665-ab11feb5cd7b-1.jpg 1415w\" sizes=\"auto, (max-width: 1024px) 100vw, 1024px\" \/><button\n\t\t\tclass=\"lightbox-trigger\"\n\t\t\ttype=\"button\"\n\t\t\taria-haspopup=\"dialog\"\n\t\t\taria-label=\"Agrandir\"\n\t\t\tdata-wp-init=\"callbacks.initTriggerButton\"\n\t\t\tdata-wp-on--click=\"actions.showLightbox\"\n\t\t\tdata-wp-style--right=\"state.imageButtonRight\"\n\t\t\tdata-wp-style--top=\"state.imageButtonTop\"\n\t\t>\n\t\t\t<svg xmlns=\"http:\/\/www.w3.org\/2000\/svg\" width=\"12\" height=\"12\" fill=\"none\" viewBox=\"0 0 12 12\">\n\t\t\t\t<path fill=\"#fff\" d=\"M2 0a2 2 0 0 0-2 2v2h1.5V2a.5.5 0 0 1 .5-.5h2V0H2Zm2 10.5H2a.5.5 0 0 1-.5-.5V8H0v2a2 2 0 0 0 2 2h2v-1.5ZM8 12v-1.5h2a.5.5 0 0 0 .5-.5V8H12v2a2 2 0 0 1-2 2H8Zm2-12a2 2 0 0 1 2 2v2h-1.5V2a.5.5 0 0 0-.5-.5H8V0h2Z\" \/>\n\t\t\t<\/svg>\n\t\t<\/button><\/figure>\n\n\n\n<figure data-wp-context=\"{&quot;imageId&quot;:&quot;69ea333d946af&quot;}\" data-wp-interactive=\"core\/image\" data-wp-key=\"69ea333d946af\" class=\"wp-block-image size-large wp-lightbox-container\"><img loading=\"lazy\" decoding=\"async\" width=\"983\" height=\"1024\" data-wp-class--hide=\"state.isContentHidden\" data-wp-class--show=\"state.isContentVisible\" data-wp-init=\"callbacks.setButtonStyles\" data-wp-on--click=\"actions.showLightbox\" data-wp-on--load=\"callbacks.setButtonStyles\" data-wp-on-window--resize=\"callbacks.setButtonStyles\" src=\"https:\/\/www.caroline-arucci.fr\/wp-content\/uploads\/2025\/07\/img_7081-1-983x1024.jpg\" alt=\"\" class=\"wp-image-610\" srcset=\"https:\/\/www.caroline-arucci.fr\/wp-content\/uploads\/2025\/07\/img_7081-1-983x1024.jpg 983w, https:\/\/www.caroline-arucci.fr\/wp-content\/uploads\/2025\/07\/img_7081-1-288x300.jpg 288w, https:\/\/www.caroline-arucci.fr\/wp-content\/uploads\/2025\/07\/img_7081-1-768x800.jpg 768w, https:\/\/www.caroline-arucci.fr\/wp-content\/uploads\/2025\/07\/img_7081-1-1475x1536.jpg 1475w, https:\/\/www.caroline-arucci.fr\/wp-content\/uploads\/2025\/07\/img_7081-1.jpg 1920w\" sizes=\"auto, (max-width: 983px) 100vw, 983px\" \/><button\n\t\t\tclass=\"lightbox-trigger\"\n\t\t\ttype=\"button\"\n\t\t\taria-haspopup=\"dialog\"\n\t\t\taria-label=\"Agrandir\"\n\t\t\tdata-wp-init=\"callbacks.initTriggerButton\"\n\t\t\tdata-wp-on--click=\"actions.showLightbox\"\n\t\t\tdata-wp-style--right=\"state.imageButtonRight\"\n\t\t\tdata-wp-style--top=\"state.imageButtonTop\"\n\t\t>\n\t\t\t<svg xmlns=\"http:\/\/www.w3.org\/2000\/svg\" width=\"12\" height=\"12\" fill=\"none\" viewBox=\"0 0 12 12\">\n\t\t\t\t<path fill=\"#fff\" d=\"M2 0a2 2 0 0 0-2 2v2h1.5V2a.5.5 0 0 1 .5-.5h2V0H2Zm2 10.5H2a.5.5 0 0 1-.5-.5V8H0v2a2 2 0 0 0 2 2h2v-1.5ZM8 12v-1.5h2a.5.5 0 0 0 .5-.5V8H12v2a2 2 0 0 1-2 2H8Zm2-12a2 2 0 0 1 2 2v2h-1.5V2a.5.5 0 0 0-.5-.5H8V0h2Z\" \/>\n\t\t\t<\/svg>\n\t\t<\/button><\/figure>\n\n\n\n<figure data-wp-context=\"{&quot;imageId&quot;:&quot;69ea333d94aa1&quot;}\" data-wp-interactive=\"core\/image\" data-wp-key=\"69ea333d94aa1\" class=\"wp-block-image size-large wp-lightbox-container\"><img loading=\"lazy\" decoding=\"async\" width=\"1024\" height=\"1024\" data-wp-class--hide=\"state.isContentHidden\" data-wp-class--show=\"state.isContentVisible\" data-wp-init=\"callbacks.setButtonStyles\" data-wp-on--click=\"actions.showLightbox\" data-wp-on--load=\"callbacks.setButtonStyles\" data-wp-on-window--resize=\"callbacks.setButtonStyles\" src=\"https:\/\/www.caroline-arucci.fr\/wp-content\/uploads\/2025\/07\/img_7079-1-1024x1024.jpg\" alt=\"\" class=\"wp-image-612\" srcset=\"https:\/\/www.caroline-arucci.fr\/wp-content\/uploads\/2025\/07\/img_7079-1-1024x1024.jpg 1024w, https:\/\/www.caroline-arucci.fr\/wp-content\/uploads\/2025\/07\/img_7079-1-300x300.jpg 300w, https:\/\/www.caroline-arucci.fr\/wp-content\/uploads\/2025\/07\/img_7079-1-150x150.jpg 150w, https:\/\/www.caroline-arucci.fr\/wp-content\/uploads\/2025\/07\/img_7079-1-768x768.jpg 768w, https:\/\/www.caroline-arucci.fr\/wp-content\/uploads\/2025\/07\/img_7079-1-1536x1536.jpg 1536w, https:\/\/www.caroline-arucci.fr\/wp-content\/uploads\/2025\/07\/img_7079-1.jpg 2000w\" sizes=\"auto, (max-width: 1024px) 100vw, 1024px\" \/><button\n\t\t\tclass=\"lightbox-trigger\"\n\t\t\ttype=\"button\"\n\t\t\taria-haspopup=\"dialog\"\n\t\t\taria-label=\"Agrandir\"\n\t\t\tdata-wp-init=\"callbacks.initTriggerButton\"\n\t\t\tdata-wp-on--click=\"actions.showLightbox\"\n\t\t\tdata-wp-style--right=\"state.imageButtonRight\"\n\t\t\tdata-wp-style--top=\"state.imageButtonTop\"\n\t\t>\n\t\t\t<svg xmlns=\"http:\/\/www.w3.org\/2000\/svg\" width=\"12\" height=\"12\" fill=\"none\" viewBox=\"0 0 12 12\">\n\t\t\t\t<path fill=\"#fff\" d=\"M2 0a2 2 0 0 0-2 2v2h1.5V2a.5.5 0 0 1 .5-.5h2V0H2Zm2 10.5H2a.5.5 0 0 1-.5-.5V8H0v2a2 2 0 0 0 2 2h2v-1.5ZM8 12v-1.5h2a.5.5 0 0 0 .5-.5V8H12v2a2 2 0 0 1-2 2H8Zm2-12a2 2 0 0 1 2 2v2h-1.5V2a.5.5 0 0 0-.5-.5H8V0h2Z\" \/>\n\t\t\t<\/svg>\n\t\t<\/button><\/figure>\n<\/div>\n<\/div>\n\n\n\n<div class=\"wp-block-columns is-layout-flex wp-container-core-columns-is-layout-28f84493 wp-block-columns-is-layout-flex\">\n<div class=\"wp-block-column is-layout-flow wp-block-column-is-layout-flow\" style=\"flex-basis:66.66%\">\n<figure data-wp-context=\"{&quot;imageId&quot;:&quot;69ea333d94f26&quot;}\" data-wp-interactive=\"core\/image\" data-wp-key=\"69ea333d94f26\" class=\"wp-block-image aligncenter size-full wp-lightbox-container\"><img loading=\"lazy\" decoding=\"async\" width=\"524\" height=\"1024\" data-wp-class--hide=\"state.isContentHidden\" data-wp-class--show=\"state.isContentVisible\" data-wp-init=\"callbacks.setButtonStyles\" data-wp-on--click=\"actions.showLightbox\" data-wp-on--load=\"callbacks.setButtonStyles\" data-wp-on-window--resize=\"callbacks.setButtonStyles\" src=\"https:\/\/www.caroline-arucci.fr\/wp-content\/uploads\/2025\/07\/image-11.jpg\" alt=\"\" class=\"wp-image-624\" srcset=\"https:\/\/www.caroline-arucci.fr\/wp-content\/uploads\/2025\/07\/image-11.jpg 524w, https:\/\/www.caroline-arucci.fr\/wp-content\/uploads\/2025\/07\/image-11-154x300.jpg 154w\" sizes=\"auto, (max-width: 524px) 100vw, 524px\" \/><button\n\t\t\tclass=\"lightbox-trigger\"\n\t\t\ttype=\"button\"\n\t\t\taria-haspopup=\"dialog\"\n\t\t\taria-label=\"Agrandir\"\n\t\t\tdata-wp-init=\"callbacks.initTriggerButton\"\n\t\t\tdata-wp-on--click=\"actions.showLightbox\"\n\t\t\tdata-wp-style--right=\"state.imageButtonRight\"\n\t\t\tdata-wp-style--top=\"state.imageButtonTop\"\n\t\t>\n\t\t\t<svg xmlns=\"http:\/\/www.w3.org\/2000\/svg\" width=\"12\" height=\"12\" fill=\"none\" viewBox=\"0 0 12 12\">\n\t\t\t\t<path fill=\"#fff\" d=\"M2 0a2 2 0 0 0-2 2v2h1.5V2a.5.5 0 0 1 .5-.5h2V0H2Zm2 10.5H2a.5.5 0 0 1-.5-.5V8H0v2a2 2 0 0 0 2 2h2v-1.5ZM8 12v-1.5h2a.5.5 0 0 0 .5-.5V8H12v2a2 2 0 0 1-2 2H8Zm2-12a2 2 0 0 1 2 2v2h-1.5V2a.5.5 0 0 0-.5-.5H8V0h2Z\" \/>\n\t\t\t<\/svg>\n\t\t<\/button><figcaption class=\"wp-element-caption\">\u00c9cran de smartphone grav\u00e9 &#8211; 2021<\/figcaption><\/figure>\n<\/div>\n\n\n\n<div class=\"wp-block-column is-layout-flow wp-block-column-is-layout-flow\" style=\"flex-basis:33.33%\">\n<figure data-wp-context=\"{&quot;imageId&quot;:&quot;69ea333d953a4&quot;}\" data-wp-interactive=\"core\/image\" data-wp-key=\"69ea333d953a4\" class=\"wp-block-image size-large wp-lightbox-container\"><img loading=\"lazy\" decoding=\"async\" width=\"873\" height=\"1024\" data-wp-class--hide=\"state.isContentHidden\" data-wp-class--show=\"state.isContentVisible\" data-wp-init=\"callbacks.setButtonStyles\" data-wp-on--click=\"actions.showLightbox\" data-wp-on--load=\"callbacks.setButtonStyles\" data-wp-on-window--resize=\"callbacks.setButtonStyles\" src=\"https:\/\/www.caroline-arucci.fr\/wp-content\/uploads\/2025\/07\/img_5625-1-873x1024.jpg\" alt=\"\" class=\"wp-image-623\" srcset=\"https:\/\/www.caroline-arucci.fr\/wp-content\/uploads\/2025\/07\/img_5625-1-873x1024.jpg 873w, https:\/\/www.caroline-arucci.fr\/wp-content\/uploads\/2025\/07\/img_5625-1-256x300.jpg 256w, https:\/\/www.caroline-arucci.fr\/wp-content\/uploads\/2025\/07\/img_5625-1-768x901.jpg 768w, https:\/\/www.caroline-arucci.fr\/wp-content\/uploads\/2025\/07\/img_5625-1-1309x1536.jpg 1309w, https:\/\/www.caroline-arucci.fr\/wp-content\/uploads\/2025\/07\/img_5625-1.jpg 1705w\" sizes=\"auto, (max-width: 873px) 100vw, 873px\" \/><button\n\t\t\tclass=\"lightbox-trigger\"\n\t\t\ttype=\"button\"\n\t\t\taria-haspopup=\"dialog\"\n\t\t\taria-label=\"Agrandir\"\n\t\t\tdata-wp-init=\"callbacks.initTriggerButton\"\n\t\t\tdata-wp-on--click=\"actions.showLightbox\"\n\t\t\tdata-wp-style--right=\"state.imageButtonRight\"\n\t\t\tdata-wp-style--top=\"state.imageButtonTop\"\n\t\t>\n\t\t\t<svg xmlns=\"http:\/\/www.w3.org\/2000\/svg\" width=\"12\" height=\"12\" fill=\"none\" viewBox=\"0 0 12 12\">\n\t\t\t\t<path fill=\"#fff\" d=\"M2 0a2 2 0 0 0-2 2v2h1.5V2a.5.5 0 0 1 .5-.5h2V0H2Zm2 10.5H2a.5.5 0 0 1-.5-.5V8H0v2a2 2 0 0 0 2 2h2v-1.5ZM8 12v-1.5h2a.5.5 0 0 0 .5-.5V8H12v2a2 2 0 0 1-2 2H8Zm2-12a2 2 0 0 1 2 2v2h-1.5V2a.5.5 0 0 0-.5-.5H8V0h2Z\" \/>\n\t\t\t<\/svg>\n\t\t<\/button><\/figure>\n<\/div>\n<\/div>\n","protected":false},"excerpt":{"rendered":"<p>2021- Alors que les \u00e9crans interactifs envahissent notre quotidien, ce travail de gravure sur \u00e9crans d\u2019ordinateur, de tablette et de smartphone propose une contemplation de la surface elle-m\u00eame, un temps d\u2019arr\u00eat, une contemplation fixe d\u00e9pouill\u00e9e de toute action.<\/p>\n","protected":false},"author":1,"featured_media":592,"parent":0,"menu_order":0,"comment_status":"closed","ping_status":"closed","template":"","meta":{"om_disable_all_campaigns":false,"_monsterinsights_skip_tracking":false,"_monsterinsights_sitenote_active":false,"_monsterinsights_sitenote_note":"","_monsterinsights_sitenote_category":0,"footnotes":""},"class_list":["post-590","page","type-page","status-publish","has-post-thumbnail","hentry"],"aioseo_notices":[],"_links":{"self":[{"href":"https:\/\/www.caroline-arucci.fr\/index.php\/wp-json\/wp\/v2\/pages\/590","targetHints":{"allow":["GET"]}}],"collection":[{"href":"https:\/\/www.caroline-arucci.fr\/index.php\/wp-json\/wp\/v2\/pages"}],"about":[{"href":"https:\/\/www.caroline-arucci.fr\/index.php\/wp-json\/wp\/v2\/types\/page"}],"author":[{"embeddable":true,"href":"https:\/\/www.caroline-arucci.fr\/index.php\/wp-json\/wp\/v2\/users\/1"}],"replies":[{"embeddable":true,"href":"https:\/\/www.caroline-arucci.fr\/index.php\/wp-json\/wp\/v2\/comments?post=590"}],"version-history":[{"count":20,"href":"https:\/\/www.caroline-arucci.fr\/index.php\/wp-json\/wp\/v2\/pages\/590\/revisions"}],"predecessor-version":[{"id":1058,"href":"https:\/\/www.caroline-arucci.fr\/index.php\/wp-json\/wp\/v2\/pages\/590\/revisions\/1058"}],"wp:featuredmedia":[{"embeddable":true,"href":"https:\/\/www.caroline-arucci.fr\/index.php\/wp-json\/wp\/v2\/media\/592"}],"wp:attachment":[{"href":"https:\/\/www.caroline-arucci.fr\/index.php\/wp-json\/wp\/v2\/media?parent=590"}],"curies":[{"name":"wp","href":"https:\/\/api.w.org\/{rel}","templated":true}]}}