{"id":511,"date":"2025-07-12T19:37:59","date_gmt":"2025-07-12T19:37:59","guid":{"rendered":"https:\/\/www.caroline-arucci.fr\/?page_id=511"},"modified":"2025-08-18T07:00:24","modified_gmt":"2025-08-18T07:00:24","slug":"cafe","status":"publish","type":"page","link":"https:\/\/www.caroline-arucci.fr\/index.php\/cafe\/","title":{"rendered":"Caf\u00e9"},"content":{"rendered":"\n<p>Peintures r\u00e9alis\u00e9es avec du caf\u00e9.<\/p>\n\n\n\n<div class=\"wp-block-columns is-layout-flex wp-container-core-columns-is-layout-28f84493 wp-block-columns-is-layout-flex\">\n<div class=\"wp-block-column is-layout-flow wp-block-column-is-layout-flow\" style=\"flex-basis:66.66%\">\n<figure data-wp-context=\"{&quot;imageId&quot;:&quot;69ea460abae5c&quot;}\" data-wp-interactive=\"core\/image\" data-wp-key=\"69ea460abae5c\" class=\"wp-block-image aligncenter size-large wp-lightbox-container\"><img loading=\"lazy\" decoding=\"async\" width=\"988\" height=\"699\" data-wp-class--hide=\"state.isContentHidden\" data-wp-class--show=\"state.isContentVisible\" data-wp-init=\"callbacks.setButtonStyles\" data-wp-on--click=\"actions.showLightbox\" data-wp-on--load=\"callbacks.setButtonStyles\" data-wp-on-window--resize=\"callbacks.setButtonStyles\" src=\"https:\/\/www.caroline-arucci.fr\/wp-content\/uploads\/2025\/07\/image-1-1.jpg\" alt=\"\" class=\"wp-image-505\" srcset=\"https:\/\/www.caroline-arucci.fr\/wp-content\/uploads\/2025\/07\/image-1-1.jpg 988w, https:\/\/www.caroline-arucci.fr\/wp-content\/uploads\/2025\/07\/image-1-1-300x212.jpg 300w, https:\/\/www.caroline-arucci.fr\/wp-content\/uploads\/2025\/07\/image-1-1-768x543.jpg 768w\" sizes=\"auto, (max-width: 988px) 100vw, 988px\" \/><button\n\t\t\tclass=\"lightbox-trigger\"\n\t\t\ttype=\"button\"\n\t\t\taria-haspopup=\"dialog\"\n\t\t\taria-label=\"Agrandir\"\n\t\t\tdata-wp-init=\"callbacks.initTriggerButton\"\n\t\t\tdata-wp-on--click=\"actions.showLightbox\"\n\t\t\tdata-wp-style--right=\"state.imageButtonRight\"\n\t\t\tdata-wp-style--top=\"state.imageButtonTop\"\n\t\t>\n\t\t\t<svg xmlns=\"http:\/\/www.w3.org\/2000\/svg\" width=\"12\" height=\"12\" fill=\"none\" viewBox=\"0 0 12 12\">\n\t\t\t\t<path fill=\"#fff\" d=\"M2 0a2 2 0 0 0-2 2v2h1.5V2a.5.5 0 0 1 .5-.5h2V0H2Zm2 10.5H2a.5.5 0 0 1-.5-.5V8H0v2a2 2 0 0 0 2 2h2v-1.5ZM8 12v-1.5h2a.5.5 0 0 0 .5-.5V8H12v2a2 2 0 0 1-2 2H8Zm2-12a2 2 0 0 1 2 2v2h-1.5V2a.5.5 0 0 0-.5-.5H8V0h2Z\" \/>\n\t\t\t<\/svg>\n\t\t<\/button><figcaption class=\"wp-element-caption\"><em>Baies d\u2019Ha Long et de Guanabara<\/em><br>Encre de Chine et caf\u00e9 sur papier  <br>42 X 59,4 cm <br>2020<br><\/figcaption><\/figure>\n<\/div>\n\n\n\n<div class=\"wp-block-column is-layout-flow wp-block-column-is-layout-flow\" style=\"flex-basis:33.33%\">\n<figure class=\"wp-block-image size-large\"><img loading=\"lazy\" decoding=\"async\" width=\"1024\" height=\"1024\" src=\"https:\/\/www.caroline-arucci.fr\/wp-content\/uploads\/2025\/07\/img_1756-1-1024x1024.jpg\" alt=\"\" class=\"wp-image-509\" srcset=\"https:\/\/www.caroline-arucci.fr\/wp-content\/uploads\/2025\/07\/img_1756-1-1024x1024.jpg 1024w, https:\/\/www.caroline-arucci.fr\/wp-content\/uploads\/2025\/07\/img_1756-1-300x300.jpg 300w, https:\/\/www.caroline-arucci.fr\/wp-content\/uploads\/2025\/07\/img_1756-1-150x150.jpg 150w, https:\/\/www.caroline-arucci.fr\/wp-content\/uploads\/2025\/07\/img_1756-1-768x768.jpg 768w, https:\/\/www.caroline-arucci.fr\/wp-content\/uploads\/2025\/07\/img_1756-1-1536x1536.jpg 1536w, https:\/\/www.caroline-arucci.fr\/wp-content\/uploads\/2025\/07\/img_1756-1.jpg 2000w\" sizes=\"auto, (max-width: 1024px) 100vw, 1024px\" \/><\/figure>\n\n\n\n<figure class=\"wp-block-image size-large\"><img loading=\"lazy\" decoding=\"async\" width=\"1024\" height=\"1024\" src=\"https:\/\/www.caroline-arucci.fr\/wp-content\/uploads\/2025\/07\/img_1740-1-1024x1024.jpg\" alt=\"\" class=\"wp-image-510\" srcset=\"https:\/\/www.caroline-arucci.fr\/wp-content\/uploads\/2025\/07\/img_1740-1-1024x1024.jpg 1024w, https:\/\/www.caroline-arucci.fr\/wp-content\/uploads\/2025\/07\/img_1740-1-300x300.jpg 300w, https:\/\/www.caroline-arucci.fr\/wp-content\/uploads\/2025\/07\/img_1740-1-150x150.jpg 150w, https:\/\/www.caroline-arucci.fr\/wp-content\/uploads\/2025\/07\/img_1740-1-768x768.jpg 768w, https:\/\/www.caroline-arucci.fr\/wp-content\/uploads\/2025\/07\/img_1740-1-1536x1536.jpg 1536w, https:\/\/www.caroline-arucci.fr\/wp-content\/uploads\/2025\/07\/img_1740-1.jpg 2000w\" sizes=\"auto, (max-width: 1024px) 100vw, 1024px\" \/><\/figure>\n\n\n\n<figure data-wp-context=\"{&quot;imageId&quot;:&quot;69ea460abc6c5&quot;}\" data-wp-interactive=\"core\/image\" data-wp-key=\"69ea460abc6c5\" class=\"wp-block-image size-large wp-lightbox-container\"><img loading=\"lazy\" decoding=\"async\" width=\"1024\" height=\"1024\" data-wp-class--hide=\"state.isContentHidden\" data-wp-class--show=\"state.isContentVisible\" data-wp-init=\"callbacks.setButtonStyles\" data-wp-on--click=\"actions.showLightbox\" data-wp-on--load=\"callbacks.setButtonStyles\" data-wp-on-window--resize=\"callbacks.setButtonStyles\" src=\"https:\/\/www.caroline-arucci.fr\/wp-content\/uploads\/2025\/07\/img_1754-1-1024x1024.jpg\" alt=\"\" class=\"wp-image-506\" srcset=\"https:\/\/www.caroline-arucci.fr\/wp-content\/uploads\/2025\/07\/img_1754-1-1024x1024.jpg 1024w, https:\/\/www.caroline-arucci.fr\/wp-content\/uploads\/2025\/07\/img_1754-1-300x300.jpg 300w, https:\/\/www.caroline-arucci.fr\/wp-content\/uploads\/2025\/07\/img_1754-1-150x150.jpg 150w, https:\/\/www.caroline-arucci.fr\/wp-content\/uploads\/2025\/07\/img_1754-1-768x768.jpg 768w, https:\/\/www.caroline-arucci.fr\/wp-content\/uploads\/2025\/07\/img_1754-1-1536x1536.jpg 1536w, https:\/\/www.caroline-arucci.fr\/wp-content\/uploads\/2025\/07\/img_1754-1.jpg 2000w\" sizes=\"auto, (max-width: 1024px) 100vw, 1024px\" \/><button\n\t\t\tclass=\"lightbox-trigger\"\n\t\t\ttype=\"button\"\n\t\t\taria-haspopup=\"dialog\"\n\t\t\taria-label=\"Agrandir\"\n\t\t\tdata-wp-init=\"callbacks.initTriggerButton\"\n\t\t\tdata-wp-on--click=\"actions.showLightbox\"\n\t\t\tdata-wp-style--right=\"state.imageButtonRight\"\n\t\t\tdata-wp-style--top=\"state.imageButtonTop\"\n\t\t>\n\t\t\t<svg xmlns=\"http:\/\/www.w3.org\/2000\/svg\" width=\"12\" height=\"12\" fill=\"none\" viewBox=\"0 0 12 12\">\n\t\t\t\t<path fill=\"#fff\" d=\"M2 0a2 2 0 0 0-2 2v2h1.5V2a.5.5 0 0 1 .5-.5h2V0H2Zm2 10.5H2a.5.5 0 0 1-.5-.5V8H0v2a2 2 0 0 0 2 2h2v-1.5ZM8 12v-1.5h2a.5.5 0 0 0 .5-.5V8H12v2a2 2 0 0 1-2 2H8Zm2-12a2 2 0 0 1 2 2v2h-1.5V2a.5.5 0 0 0-.5-.5H8V0h2Z\" \/>\n\t\t\t<\/svg>\n\t\t<\/button><\/figure>\n\n\n\n<figure class=\"wp-block-image size-large\"><img loading=\"lazy\" decoding=\"async\" width=\"1024\" height=\"1024\" src=\"https:\/\/www.caroline-arucci.fr\/wp-content\/uploads\/2025\/07\/img_1752-1-1024x1024.jpg\" alt=\"\" class=\"wp-image-507\" srcset=\"https:\/\/www.caroline-arucci.fr\/wp-content\/uploads\/2025\/07\/img_1752-1-1024x1024.jpg 1024w, https:\/\/www.caroline-arucci.fr\/wp-content\/uploads\/2025\/07\/img_1752-1-300x300.jpg 300w, https:\/\/www.caroline-arucci.fr\/wp-content\/uploads\/2025\/07\/img_1752-1-150x150.jpg 150w, https:\/\/www.caroline-arucci.fr\/wp-content\/uploads\/2025\/07\/img_1752-1-768x768.jpg 768w, https:\/\/www.caroline-arucci.fr\/wp-content\/uploads\/2025\/07\/img_1752-1-1536x1536.jpg 1536w, https:\/\/www.caroline-arucci.fr\/wp-content\/uploads\/2025\/07\/img_1752-1.jpg 2000w\" sizes=\"auto, (max-width: 1024px) 100vw, 1024px\" \/><\/figure>\n\n\n\n<figure class=\"wp-block-image size-large\"><img loading=\"lazy\" decoding=\"async\" width=\"1024\" height=\"1024\" src=\"https:\/\/www.caroline-arucci.fr\/wp-content\/uploads\/2025\/07\/img_1744-1-1024x1024.jpg\" alt=\"\" class=\"wp-image-508\" srcset=\"https:\/\/www.caroline-arucci.fr\/wp-content\/uploads\/2025\/07\/img_1744-1-1024x1024.jpg 1024w, https:\/\/www.caroline-arucci.fr\/wp-content\/uploads\/2025\/07\/img_1744-1-300x300.jpg 300w, https:\/\/www.caroline-arucci.fr\/wp-content\/uploads\/2025\/07\/img_1744-1-150x150.jpg 150w, https:\/\/www.caroline-arucci.fr\/wp-content\/uploads\/2025\/07\/img_1744-1-768x768.jpg 768w, https:\/\/www.caroline-arucci.fr\/wp-content\/uploads\/2025\/07\/img_1744-1-1536x1536.jpg 1536w, https:\/\/www.caroline-arucci.fr\/wp-content\/uploads\/2025\/07\/img_1744-1.jpg 2000w\" sizes=\"auto, (max-width: 1024px) 100vw, 1024px\" \/><\/figure>\n<\/div>\n<\/div>\n\n\n\n<figure class=\"wp-block-image size-large\"><img loading=\"lazy\" decoding=\"async\" width=\"764\" height=\"1018\" src=\"https:\/\/www.caroline-arucci.fr\/wp-content\/uploads\/2025\/08\/image.jpg\" alt=\"\" class=\"wp-image-1195\" srcset=\"https:\/\/www.caroline-arucci.fr\/wp-content\/uploads\/2025\/08\/image.jpg 764w, https:\/\/www.caroline-arucci.fr\/wp-content\/uploads\/2025\/08\/image-225x300.jpg 225w\" sizes=\"auto, (max-width: 764px) 100vw, 764px\" \/><figcaption class=\"wp-element-caption\">Caf\u00e9 sur papier &#8211; 14,8 X 21 cm &#8211; 2019<\/figcaption><\/figure>\n","protected":false},"excerpt":{"rendered":"<p>Peintures r\u00e9alis\u00e9es avec du caf\u00e9.<\/p>\n","protected":false},"author":1,"featured_media":0,"parent":0,"menu_order":0,"comment_status":"closed","ping_status":"closed","template":"","meta":{"om_disable_all_campaigns":false,"_monsterinsights_skip_tracking":false,"_monsterinsights_sitenote_active":false,"_monsterinsights_sitenote_note":"","_monsterinsights_sitenote_category":0,"footnotes":""},"class_list":["post-511","page","type-page","status-publish","hentry"],"aioseo_notices":[],"_links":{"self":[{"href":"https:\/\/www.caroline-arucci.fr\/index.php\/wp-json\/wp\/v2\/pages\/511","targetHints":{"allow":["GET"]}}],"collection":[{"href":"https:\/\/www.caroline-arucci.fr\/index.php\/wp-json\/wp\/v2\/pages"}],"about":[{"href":"https:\/\/www.caroline-arucci.fr\/index.php\/wp-json\/wp\/v2\/types\/page"}],"author":[{"embeddable":true,"href":"https:\/\/www.caroline-arucci.fr\/index.php\/wp-json\/wp\/v2\/users\/1"}],"replies":[{"embeddable":true,"href":"https:\/\/www.caroline-arucci.fr\/index.php\/wp-json\/wp\/v2\/comments?post=511"}],"version-history":[{"count":7,"href":"https:\/\/www.caroline-arucci.fr\/index.php\/wp-json\/wp\/v2\/pages\/511\/revisions"}],"predecessor-version":[{"id":1279,"href":"https:\/\/www.caroline-arucci.fr\/index.php\/wp-json\/wp\/v2\/pages\/511\/revisions\/1279"}],"wp:attachment":[{"href":"https:\/\/www.caroline-arucci.fr\/index.php\/wp-json\/wp\/v2\/media?parent=511"}],"curies":[{"name":"wp","href":"https:\/\/api.w.org\/{rel}","templated":true}]}}