{"id":472,"date":"2025-07-12T09:28:12","date_gmt":"2025-07-12T09:28:12","guid":{"rendered":"https:\/\/www.caroline-arucci.fr\/?page_id=472"},"modified":"2025-07-28T18:58:47","modified_gmt":"2025-07-28T18:58:47","slug":"nuages-laceres","status":"publish","type":"page","link":"https:\/\/www.caroline-arucci.fr\/index.php\/nuages-laceres\/","title":{"rendered":"Nuages lac\u00e9r\u00e9s"},"content":{"rendered":"\n<p class=\"has-text-align-right\">2025<\/p>\n\n\n\n<p>Nuages lac\u00e9r\u00e9s est une s\u00e9rie de dessins incis\u00e9s sur papier cir\u00e9s. Des danseurs de but\u014d apparaissent par transparence en contrejour ou se r\u00e9v\u00e8lent \u00e0 la lumi\u00e8re rasante. Ce travail met en tension la force expressive des corps avec l\u2019aspect \u00e0 peine perceptible de la technique employ\u00e9e.<\/p>\n\n\n\n<div class=\"wp-block-columns is-layout-flex wp-container-core-columns-is-layout-28f84493 wp-block-columns-is-layout-flex\">\n<div class=\"wp-block-column is-layout-flow wp-block-column-is-layout-flow\" style=\"flex-basis:66.66%\">\n<figure data-wp-context=\"{&quot;imageId&quot;:&quot;69ea3210de862&quot;}\" data-wp-interactive=\"core\/image\" data-wp-key=\"69ea3210de862\" class=\"wp-block-image aligncenter size-full wp-lightbox-container\"><img loading=\"lazy\" decoding=\"async\" width=\"1500\" height=\"2000\" data-wp-class--hide=\"state.isContentHidden\" data-wp-class--show=\"state.isContentVisible\" data-wp-init=\"callbacks.setButtonStyles\" data-wp-on--click=\"actions.showLightbox\" data-wp-on--load=\"callbacks.setButtonStyles\" data-wp-on-window--resize=\"callbacks.setButtonStyles\" src=\"https:\/\/www.caroline-arucci.fr\/wp-content\/uploads\/2025\/07\/img_3287.jpg\" alt=\"Cire sur papier - 21 x 29,7 cm -2025\" class=\"wp-image-474\" srcset=\"https:\/\/www.caroline-arucci.fr\/wp-content\/uploads\/2025\/07\/img_3287.jpg 1500w, https:\/\/www.caroline-arucci.fr\/wp-content\/uploads\/2025\/07\/img_3287-225x300.jpg 225w, https:\/\/www.caroline-arucci.fr\/wp-content\/uploads\/2025\/07\/img_3287-768x1024.jpg 768w, https:\/\/www.caroline-arucci.fr\/wp-content\/uploads\/2025\/07\/img_3287-1152x1536.jpg 1152w\" sizes=\"auto, (max-width: 1500px) 100vw, 1500px\" \/><button\n\t\t\tclass=\"lightbox-trigger\"\n\t\t\ttype=\"button\"\n\t\t\taria-haspopup=\"dialog\"\n\t\t\taria-label=\"Agrandir\"\n\t\t\tdata-wp-init=\"callbacks.initTriggerButton\"\n\t\t\tdata-wp-on--click=\"actions.showLightbox\"\n\t\t\tdata-wp-style--right=\"state.imageButtonRight\"\n\t\t\tdata-wp-style--top=\"state.imageButtonTop\"\n\t\t>\n\t\t\t<svg xmlns=\"http:\/\/www.w3.org\/2000\/svg\" width=\"12\" height=\"12\" fill=\"none\" viewBox=\"0 0 12 12\">\n\t\t\t\t<path fill=\"#fff\" d=\"M2 0a2 2 0 0 0-2 2v2h1.5V2a.5.5 0 0 1 .5-.5h2V0H2Zm2 10.5H2a.5.5 0 0 1-.5-.5V8H0v2a2 2 0 0 0 2 2h2v-1.5ZM8 12v-1.5h2a.5.5 0 0 0 .5-.5V8H12v2a2 2 0 0 1-2 2H8Zm2-12a2 2 0 0 1 2 2v2h-1.5V2a.5.5 0 0 0-.5-.5H8V0h2Z\" \/>\n\t\t\t<\/svg>\n\t\t<\/button><figcaption class=\"wp-element-caption\">Cire sur papier &#8211; 21 x 29,7 cm -2025<\/figcaption><\/figure>\n<\/div>\n\n\n\n<div class=\"wp-block-column is-layout-flow wp-block-column-is-layout-flow\" style=\"flex-basis:33.33%\">\n<figure class=\"wp-block-image size-full\"><a href=\"https:\/\/www.caroline-arucci.fr\/wp-content\/uploads\/2025\/07\/img_3298.jpg\"><img loading=\"lazy\" decoding=\"async\" width=\"1500\" height=\"2000\" src=\"https:\/\/www.caroline-arucci.fr\/wp-content\/uploads\/2025\/07\/img_3298.jpg\" alt=\"\" class=\"wp-image-475\" srcset=\"https:\/\/www.caroline-arucci.fr\/wp-content\/uploads\/2025\/07\/img_3298.jpg 1500w, https:\/\/www.caroline-arucci.fr\/wp-content\/uploads\/2025\/07\/img_3298-225x300.jpg 225w, https:\/\/www.caroline-arucci.fr\/wp-content\/uploads\/2025\/07\/img_3298-768x1024.jpg 768w, https:\/\/www.caroline-arucci.fr\/wp-content\/uploads\/2025\/07\/img_3298-1152x1536.jpg 1152w\" sizes=\"auto, (max-width: 1500px) 100vw, 1500px\" \/><\/a><\/figure>\n\n\n\n<figure class=\"wp-block-image size-large\"><a href=\"https:\/\/www.caroline-arucci.fr\/wp-content\/uploads\/2025\/07\/img_3292.jpg\"><img loading=\"lazy\" decoding=\"async\" width=\"1024\" height=\"1024\" src=\"https:\/\/www.caroline-arucci.fr\/wp-content\/uploads\/2025\/07\/img_3292-1024x1024.jpg\" alt=\"\" class=\"wp-image-481\" srcset=\"https:\/\/www.caroline-arucci.fr\/wp-content\/uploads\/2025\/07\/img_3292-1024x1024.jpg 1024w, https:\/\/www.caroline-arucci.fr\/wp-content\/uploads\/2025\/07\/img_3292-300x300.jpg 300w, https:\/\/www.caroline-arucci.fr\/wp-content\/uploads\/2025\/07\/img_3292-150x150.jpg 150w, https:\/\/www.caroline-arucci.fr\/wp-content\/uploads\/2025\/07\/img_3292-768x768.jpg 768w, https:\/\/www.caroline-arucci.fr\/wp-content\/uploads\/2025\/07\/img_3292-1536x1536.jpg 1536w, https:\/\/www.caroline-arucci.fr\/wp-content\/uploads\/2025\/07\/img_3292.jpg 2000w\" sizes=\"auto, (max-width: 1024px) 100vw, 1024px\" \/><\/a><\/figure>\n\n\n\n<figure data-wp-context=\"{&quot;imageId&quot;:&quot;69ea3210dffd7&quot;}\" data-wp-interactive=\"core\/image\" data-wp-key=\"69ea3210dffd7\" class=\"wp-block-image size-full wp-lightbox-container\"><img loading=\"lazy\" decoding=\"async\" width=\"2000\" height=\"2000\" data-wp-class--hide=\"state.isContentHidden\" data-wp-class--show=\"state.isContentVisible\" data-wp-init=\"callbacks.setButtonStyles\" data-wp-on--click=\"actions.showLightbox\" data-wp-on--load=\"callbacks.setButtonStyles\" data-wp-on-window--resize=\"callbacks.setButtonStyles\" src=\"https:\/\/www.caroline-arucci.fr\/wp-content\/uploads\/2025\/07\/img_3301.jpg\" alt=\"\" class=\"wp-image-478\" srcset=\"https:\/\/www.caroline-arucci.fr\/wp-content\/uploads\/2025\/07\/img_3301.jpg 2000w, https:\/\/www.caroline-arucci.fr\/wp-content\/uploads\/2025\/07\/img_3301-300x300.jpg 300w, https:\/\/www.caroline-arucci.fr\/wp-content\/uploads\/2025\/07\/img_3301-1024x1024.jpg 1024w, https:\/\/www.caroline-arucci.fr\/wp-content\/uploads\/2025\/07\/img_3301-150x150.jpg 150w, https:\/\/www.caroline-arucci.fr\/wp-content\/uploads\/2025\/07\/img_3301-768x768.jpg 768w, https:\/\/www.caroline-arucci.fr\/wp-content\/uploads\/2025\/07\/img_3301-1536x1536.jpg 1536w\" sizes=\"auto, (max-width: 2000px) 100vw, 2000px\" \/><button\n\t\t\tclass=\"lightbox-trigger\"\n\t\t\ttype=\"button\"\n\t\t\taria-haspopup=\"dialog\"\n\t\t\taria-label=\"Agrandir\"\n\t\t\tdata-wp-init=\"callbacks.initTriggerButton\"\n\t\t\tdata-wp-on--click=\"actions.showLightbox\"\n\t\t\tdata-wp-style--right=\"state.imageButtonRight\"\n\t\t\tdata-wp-style--top=\"state.imageButtonTop\"\n\t\t>\n\t\t\t<svg xmlns=\"http:\/\/www.w3.org\/2000\/svg\" width=\"12\" height=\"12\" fill=\"none\" viewBox=\"0 0 12 12\">\n\t\t\t\t<path fill=\"#fff\" d=\"M2 0a2 2 0 0 0-2 2v2h1.5V2a.5.5 0 0 1 .5-.5h2V0H2Zm2 10.5H2a.5.5 0 0 1-.5-.5V8H0v2a2 2 0 0 0 2 2h2v-1.5ZM8 12v-1.5h2a.5.5 0 0 0 .5-.5V8H12v2a2 2 0 0 1-2 2H8Zm2-12a2 2 0 0 1 2 2v2h-1.5V2a.5.5 0 0 0-.5-.5H8V0h2Z\" \/>\n\t\t\t<\/svg>\n\t\t<\/button><\/figure>\n<\/div>\n<\/div>\n\n\n\n<div class=\"wp-block-columns is-layout-flex wp-container-core-columns-is-layout-28f84493 wp-block-columns-is-layout-flex\">\n<div class=\"wp-block-column is-layout-flow wp-block-column-is-layout-flow\" style=\"flex-basis:66.66%\">\n<figure data-wp-context=\"{&quot;imageId&quot;:&quot;69ea3210e0635&quot;}\" data-wp-interactive=\"core\/image\" data-wp-key=\"69ea3210e0635\" class=\"wp-block-image aligncenter size-full wp-lightbox-container\"><img loading=\"lazy\" decoding=\"async\" width=\"1534\" height=\"2000\" data-wp-class--hide=\"state.isContentHidden\" data-wp-class--show=\"state.isContentVisible\" data-wp-init=\"callbacks.setButtonStyles\" data-wp-on--click=\"actions.showLightbox\" data-wp-on--load=\"callbacks.setButtonStyles\" data-wp-on-window--resize=\"callbacks.setButtonStyles\" src=\"https:\/\/www.caroline-arucci.fr\/wp-content\/uploads\/2025\/07\/img_2247.jpg\" alt=\"\" class=\"wp-image-713\" srcset=\"https:\/\/www.caroline-arucci.fr\/wp-content\/uploads\/2025\/07\/img_2247.jpg 1534w, https:\/\/www.caroline-arucci.fr\/wp-content\/uploads\/2025\/07\/img_2247-230x300.jpg 230w\" sizes=\"auto, (max-width: 1534px) 100vw, 1534px\" \/><button\n\t\t\tclass=\"lightbox-trigger\"\n\t\t\ttype=\"button\"\n\t\t\taria-haspopup=\"dialog\"\n\t\t\taria-label=\"Agrandir\"\n\t\t\tdata-wp-init=\"callbacks.initTriggerButton\"\n\t\t\tdata-wp-on--click=\"actions.showLightbox\"\n\t\t\tdata-wp-style--right=\"state.imageButtonRight\"\n\t\t\tdata-wp-style--top=\"state.imageButtonTop\"\n\t\t>\n\t\t\t<svg xmlns=\"http:\/\/www.w3.org\/2000\/svg\" width=\"12\" height=\"12\" fill=\"none\" viewBox=\"0 0 12 12\">\n\t\t\t\t<path fill=\"#fff\" d=\"M2 0a2 2 0 0 0-2 2v2h1.5V2a.5.5 0 0 1 .5-.5h2V0H2Zm2 10.5H2a.5.5 0 0 1-.5-.5V8H0v2a2 2 0 0 0 2 2h2v-1.5ZM8 12v-1.5h2a.5.5 0 0 0 .5-.5V8H12v2a2 2 0 0 1-2 2H8Zm2-12a2 2 0 0 1 2 2v2h-1.5V2a.5.5 0 0 0-.5-.5H8V0h2Z\" \/>\n\t\t\t<\/svg>\n\t\t<\/button><figcaption class=\"wp-element-caption\">Cire sur papier &#8211; 21 X 29,7 cm &#8211; 2025<\/figcaption><\/figure>\n<\/div>\n\n\n\n<div class=\"wp-block-column is-layout-flow wp-block-column-is-layout-flow\" style=\"flex-basis:33.33%\">\n<figure data-wp-context=\"{&quot;imageId&quot;:&quot;69ea3210e0b7f&quot;}\" data-wp-interactive=\"core\/image\" data-wp-key=\"69ea3210e0b7f\" class=\"wp-block-image size-full wp-lightbox-container\"><img loading=\"lazy\" decoding=\"async\" width=\"2000\" height=\"2000\" data-wp-class--hide=\"state.isContentHidden\" data-wp-class--show=\"state.isContentVisible\" data-wp-init=\"callbacks.setButtonStyles\" data-wp-on--click=\"actions.showLightbox\" data-wp-on--load=\"callbacks.setButtonStyles\" data-wp-on-window--resize=\"callbacks.setButtonStyles\" src=\"https:\/\/www.caroline-arucci.fr\/wp-content\/uploads\/2025\/07\/img_2239.jpg\" alt=\"\" class=\"wp-image-710\" srcset=\"https:\/\/www.caroline-arucci.fr\/wp-content\/uploads\/2025\/07\/img_2239.jpg 2000w, https:\/\/www.caroline-arucci.fr\/wp-content\/uploads\/2025\/07\/img_2239-300x300.jpg 300w, https:\/\/www.caroline-arucci.fr\/wp-content\/uploads\/2025\/07\/img_2239-1024x1024.jpg 1024w, https:\/\/www.caroline-arucci.fr\/wp-content\/uploads\/2025\/07\/img_2239-150x150.jpg 150w, https:\/\/www.caroline-arucci.fr\/wp-content\/uploads\/2025\/07\/img_2239-768x768.jpg 768w, https:\/\/www.caroline-arucci.fr\/wp-content\/uploads\/2025\/07\/img_2239-1536x1536.jpg 1536w\" sizes=\"auto, (max-width: 2000px) 100vw, 2000px\" \/><button\n\t\t\tclass=\"lightbox-trigger\"\n\t\t\ttype=\"button\"\n\t\t\taria-haspopup=\"dialog\"\n\t\t\taria-label=\"Agrandir\"\n\t\t\tdata-wp-init=\"callbacks.initTriggerButton\"\n\t\t\tdata-wp-on--click=\"actions.showLightbox\"\n\t\t\tdata-wp-style--right=\"state.imageButtonRight\"\n\t\t\tdata-wp-style--top=\"state.imageButtonTop\"\n\t\t>\n\t\t\t<svg xmlns=\"http:\/\/www.w3.org\/2000\/svg\" width=\"12\" height=\"12\" fill=\"none\" viewBox=\"0 0 12 12\">\n\t\t\t\t<path fill=\"#fff\" d=\"M2 0a2 2 0 0 0-2 2v2h1.5V2a.5.5 0 0 1 .5-.5h2V0H2Zm2 10.5H2a.5.5 0 0 1-.5-.5V8H0v2a2 2 0 0 0 2 2h2v-1.5ZM8 12v-1.5h2a.5.5 0 0 0 .5-.5V8H12v2a2 2 0 0 1-2 2H8Zm2-12a2 2 0 0 1 2 2v2h-1.5V2a.5.5 0 0 0-.5-.5H8V0h2Z\" \/>\n\t\t\t<\/svg>\n\t\t<\/button><\/figure>\n<\/div>\n<\/div>\n\n\n\n<div class=\"wp-block-columns is-layout-flex wp-container-core-columns-is-layout-28f84493 wp-block-columns-is-layout-flex\">\n<div class=\"wp-block-column is-layout-flow wp-block-column-is-layout-flow\" style=\"flex-basis:66.66%\">\n<figure data-wp-context=\"{&quot;imageId&quot;:&quot;69ea3210e1089&quot;}\" data-wp-interactive=\"core\/image\" data-wp-key=\"69ea3210e1089\" class=\"wp-block-image aligncenter size-full wp-lightbox-container\"><img loading=\"lazy\" decoding=\"async\" width=\"1500\" height=\"2000\" data-wp-class--hide=\"state.isContentHidden\" data-wp-class--show=\"state.isContentVisible\" data-wp-init=\"callbacks.setButtonStyles\" data-wp-on--click=\"actions.showLightbox\" data-wp-on--load=\"callbacks.setButtonStyles\" data-wp-on-window--resize=\"callbacks.setButtonStyles\" src=\"https:\/\/www.caroline-arucci.fr\/wp-content\/uploads\/2025\/07\/img_2287-1.jpg\" alt=\"\" class=\"wp-image-723\" srcset=\"https:\/\/www.caroline-arucci.fr\/wp-content\/uploads\/2025\/07\/img_2287-1.jpg 1500w, https:\/\/www.caroline-arucci.fr\/wp-content\/uploads\/2025\/07\/img_2287-1-225x300.jpg 225w, https:\/\/www.caroline-arucci.fr\/wp-content\/uploads\/2025\/07\/img_2287-1-768x1024.jpg 768w, https:\/\/www.caroline-arucci.fr\/wp-content\/uploads\/2025\/07\/img_2287-1-1152x1536.jpg 1152w\" sizes=\"auto, (max-width: 1500px) 100vw, 1500px\" \/><button\n\t\t\tclass=\"lightbox-trigger\"\n\t\t\ttype=\"button\"\n\t\t\taria-haspopup=\"dialog\"\n\t\t\taria-label=\"Agrandir\"\n\t\t\tdata-wp-init=\"callbacks.initTriggerButton\"\n\t\t\tdata-wp-on--click=\"actions.showLightbox\"\n\t\t\tdata-wp-style--right=\"state.imageButtonRight\"\n\t\t\tdata-wp-style--top=\"state.imageButtonTop\"\n\t\t>\n\t\t\t<svg xmlns=\"http:\/\/www.w3.org\/2000\/svg\" width=\"12\" height=\"12\" fill=\"none\" viewBox=\"0 0 12 12\">\n\t\t\t\t<path fill=\"#fff\" d=\"M2 0a2 2 0 0 0-2 2v2h1.5V2a.5.5 0 0 1 .5-.5h2V0H2Zm2 10.5H2a.5.5 0 0 1-.5-.5V8H0v2a2 2 0 0 0 2 2h2v-1.5ZM8 12v-1.5h2a.5.5 0 0 0 .5-.5V8H12v2a2 2 0 0 1-2 2H8Zm2-12a2 2 0 0 1 2 2v2h-1.5V2a.5.5 0 0 0-.5-.5H8V0h2Z\" \/>\n\t\t\t<\/svg>\n\t\t<\/button><figcaption class=\"wp-element-caption\">Cire sur papier &#8211; 14,8 X 21 cm -2025<\/figcaption><\/figure>\n<\/div>\n\n\n\n<div class=\"wp-block-column is-layout-flow wp-block-column-is-layout-flow\" style=\"flex-basis:33.33%\">\n<figure data-wp-context=\"{&quot;imageId&quot;:&quot;69ea3210e14a2&quot;}\" data-wp-interactive=\"core\/image\" data-wp-key=\"69ea3210e14a2\" class=\"wp-block-image size-large wp-lightbox-container\"><img loading=\"lazy\" decoding=\"async\" width=\"768\" height=\"1024\" data-wp-class--hide=\"state.isContentHidden\" data-wp-class--show=\"state.isContentVisible\" data-wp-init=\"callbacks.setButtonStyles\" data-wp-on--click=\"actions.showLightbox\" data-wp-on--load=\"callbacks.setButtonStyles\" data-wp-on-window--resize=\"callbacks.setButtonStyles\" src=\"https:\/\/www.caroline-arucci.fr\/wp-content\/uploads\/2025\/07\/img_2291-1-768x1024.jpg\" alt=\"\" class=\"wp-image-721\" srcset=\"https:\/\/www.caroline-arucci.fr\/wp-content\/uploads\/2025\/07\/img_2291-1-768x1024.jpg 768w, https:\/\/www.caroline-arucci.fr\/wp-content\/uploads\/2025\/07\/img_2291-1-225x300.jpg 225w, https:\/\/www.caroline-arucci.fr\/wp-content\/uploads\/2025\/07\/img_2291-1-1152x1536.jpg 1152w, https:\/\/www.caroline-arucci.fr\/wp-content\/uploads\/2025\/07\/img_2291-1.jpg 1500w\" sizes=\"auto, (max-width: 768px) 100vw, 768px\" \/><button\n\t\t\tclass=\"lightbox-trigger\"\n\t\t\ttype=\"button\"\n\t\t\taria-haspopup=\"dialog\"\n\t\t\taria-label=\"Agrandir\"\n\t\t\tdata-wp-init=\"callbacks.initTriggerButton\"\n\t\t\tdata-wp-on--click=\"actions.showLightbox\"\n\t\t\tdata-wp-style--right=\"state.imageButtonRight\"\n\t\t\tdata-wp-style--top=\"state.imageButtonTop\"\n\t\t>\n\t\t\t<svg xmlns=\"http:\/\/www.w3.org\/2000\/svg\" width=\"12\" height=\"12\" fill=\"none\" viewBox=\"0 0 12 12\">\n\t\t\t\t<path fill=\"#fff\" d=\"M2 0a2 2 0 0 0-2 2v2h1.5V2a.5.5 0 0 1 .5-.5h2V0H2Zm2 10.5H2a.5.5 0 0 1-.5-.5V8H0v2a2 2 0 0 0 2 2h2v-1.5ZM8 12v-1.5h2a.5.5 0 0 0 .5-.5V8H12v2a2 2 0 0 1-2 2H8Zm2-12a2 2 0 0 1 2 2v2h-1.5V2a.5.5 0 0 0-.5-.5H8V0h2Z\" \/>\n\t\t\t<\/svg>\n\t\t<\/button><\/figure>\n<\/div>\n<\/div>\n\n\n\n<div class=\"wp-block-columns is-layout-flex wp-container-core-columns-is-layout-28f84493 wp-block-columns-is-layout-flex\">\n<div class=\"wp-block-column is-layout-flow wp-block-column-is-layout-flow\" style=\"flex-basis:66.66%\">\n<figure data-wp-context=\"{&quot;imageId&quot;:&quot;69ea3210e1a4b&quot;}\" data-wp-interactive=\"core\/image\" data-wp-key=\"69ea3210e1a4b\" class=\"wp-block-image aligncenter size-large wp-lightbox-container\"><img loading=\"lazy\" decoding=\"async\" width=\"1024\" height=\"768\" data-wp-class--hide=\"state.isContentHidden\" data-wp-class--show=\"state.isContentVisible\" data-wp-init=\"callbacks.setButtonStyles\" data-wp-on--click=\"actions.showLightbox\" data-wp-on--load=\"callbacks.setButtonStyles\" data-wp-on-window--resize=\"callbacks.setButtonStyles\" src=\"https:\/\/www.caroline-arucci.fr\/wp-content\/uploads\/2025\/07\/img_3385-1024x768.jpg\" alt=\"\" class=\"wp-image-716\" srcset=\"https:\/\/www.caroline-arucci.fr\/wp-content\/uploads\/2025\/07\/img_3385-1024x768.jpg 1024w, https:\/\/www.caroline-arucci.fr\/wp-content\/uploads\/2025\/07\/img_3385-300x225.jpg 300w, https:\/\/www.caroline-arucci.fr\/wp-content\/uploads\/2025\/07\/img_3385-768x576.jpg 768w, https:\/\/www.caroline-arucci.fr\/wp-content\/uploads\/2025\/07\/img_3385-1536x1152.jpg 1536w, https:\/\/www.caroline-arucci.fr\/wp-content\/uploads\/2025\/07\/img_3385.jpg 2000w\" sizes=\"auto, (max-width: 1024px) 100vw, 1024px\" \/><button\n\t\t\tclass=\"lightbox-trigger\"\n\t\t\ttype=\"button\"\n\t\t\taria-haspopup=\"dialog\"\n\t\t\taria-label=\"Agrandir\"\n\t\t\tdata-wp-init=\"callbacks.initTriggerButton\"\n\t\t\tdata-wp-on--click=\"actions.showLightbox\"\n\t\t\tdata-wp-style--right=\"state.imageButtonRight\"\n\t\t\tdata-wp-style--top=\"state.imageButtonTop\"\n\t\t>\n\t\t\t<svg xmlns=\"http:\/\/www.w3.org\/2000\/svg\" width=\"12\" height=\"12\" fill=\"none\" viewBox=\"0 0 12 12\">\n\t\t\t\t<path fill=\"#fff\" d=\"M2 0a2 2 0 0 0-2 2v2h1.5V2a.5.5 0 0 1 .5-.5h2V0H2Zm2 10.5H2a.5.5 0 0 1-.5-.5V8H0v2a2 2 0 0 0 2 2h2v-1.5ZM8 12v-1.5h2a.5.5 0 0 0 .5-.5V8H12v2a2 2 0 0 1-2 2H8Zm2-12a2 2 0 0 1 2 2v2h-1.5V2a.5.5 0 0 0-.5-.5H8V0h2Z\" \/>\n\t\t\t<\/svg>\n\t\t<\/button><figcaption class=\"wp-element-caption\">Cire sur Papier &#8211; 297,7 X 42 cm -2025<\/figcaption><\/figure>\n<\/div>\n\n\n\n<div class=\"wp-block-column is-layout-flow wp-block-column-is-layout-flow\" style=\"flex-basis:33.33%\">\n<figure data-wp-context=\"{&quot;imageId&quot;:&quot;69ea3210e1fe0&quot;}\" data-wp-interactive=\"core\/image\" data-wp-key=\"69ea3210e1fe0\" class=\"wp-block-image size-large wp-lightbox-container\"><img loading=\"lazy\" decoding=\"async\" width=\"740\" height=\"1024\" data-wp-class--hide=\"state.isContentHidden\" data-wp-class--show=\"state.isContentVisible\" data-wp-init=\"callbacks.setButtonStyles\" data-wp-on--click=\"actions.showLightbox\" data-wp-on--load=\"callbacks.setButtonStyles\" data-wp-on-window--resize=\"callbacks.setButtonStyles\" src=\"https:\/\/www.caroline-arucci.fr\/wp-content\/uploads\/2025\/07\/img_3386-740x1024.jpg\" alt=\"\" class=\"wp-image-717\" srcset=\"https:\/\/www.caroline-arucci.fr\/wp-content\/uploads\/2025\/07\/img_3386-740x1024.jpg 740w, https:\/\/www.caroline-arucci.fr\/wp-content\/uploads\/2025\/07\/img_3386-217x300.jpg 217w, https:\/\/www.caroline-arucci.fr\/wp-content\/uploads\/2025\/07\/img_3386-768x1062.jpg 768w, https:\/\/www.caroline-arucci.fr\/wp-content\/uploads\/2025\/07\/img_3386-1111x1536.jpg 1111w, https:\/\/www.caroline-arucci.fr\/wp-content\/uploads\/2025\/07\/img_3386.jpg 1446w\" sizes=\"auto, (max-width: 740px) 100vw, 740px\" \/><button\n\t\t\tclass=\"lightbox-trigger\"\n\t\t\ttype=\"button\"\n\t\t\taria-haspopup=\"dialog\"\n\t\t\taria-label=\"Agrandir\"\n\t\t\tdata-wp-init=\"callbacks.initTriggerButton\"\n\t\t\tdata-wp-on--click=\"actions.showLightbox\"\n\t\t\tdata-wp-style--right=\"state.imageButtonRight\"\n\t\t\tdata-wp-style--top=\"state.imageButtonTop\"\n\t\t>\n\t\t\t<svg xmlns=\"http:\/\/www.w3.org\/2000\/svg\" width=\"12\" height=\"12\" fill=\"none\" viewBox=\"0 0 12 12\">\n\t\t\t\t<path fill=\"#fff\" d=\"M2 0a2 2 0 0 0-2 2v2h1.5V2a.5.5 0 0 1 .5-.5h2V0H2Zm2 10.5H2a.5.5 0 0 1-.5-.5V8H0v2a2 2 0 0 0 2 2h2v-1.5ZM8 12v-1.5h2a.5.5 0 0 0 .5-.5V8H12v2a2 2 0 0 1-2 2H8Zm2-12a2 2 0 0 1 2 2v2h-1.5V2a.5.5 0 0 0-.5-.5H8V0h2Z\" \/>\n\t\t\t<\/svg>\n\t\t<\/button><\/figure>\n\n\n\n<figure data-wp-context=\"{&quot;imageId&quot;:&quot;69ea3210e24af&quot;}\" data-wp-interactive=\"core\/image\" data-wp-key=\"69ea3210e24af\" class=\"wp-block-image size-large wp-lightbox-container\"><img loading=\"lazy\" decoding=\"async\" width=\"768\" height=\"1024\" data-wp-class--hide=\"state.isContentHidden\" data-wp-class--show=\"state.isContentVisible\" data-wp-init=\"callbacks.setButtonStyles\" data-wp-on--click=\"actions.showLightbox\" data-wp-on--load=\"callbacks.setButtonStyles\" data-wp-on-window--resize=\"callbacks.setButtonStyles\" src=\"https:\/\/www.caroline-arucci.fr\/wp-content\/uploads\/2025\/07\/img_3384-768x1024.jpg\" alt=\"\" class=\"wp-image-715\" srcset=\"https:\/\/www.caroline-arucci.fr\/wp-content\/uploads\/2025\/07\/img_3384-768x1024.jpg 768w, https:\/\/www.caroline-arucci.fr\/wp-content\/uploads\/2025\/07\/img_3384-225x300.jpg 225w, https:\/\/www.caroline-arucci.fr\/wp-content\/uploads\/2025\/07\/img_3384.jpg 1500w\" sizes=\"auto, (max-width: 768px) 100vw, 768px\" \/><button\n\t\t\tclass=\"lightbox-trigger\"\n\t\t\ttype=\"button\"\n\t\t\taria-haspopup=\"dialog\"\n\t\t\taria-label=\"Agrandir\"\n\t\t\tdata-wp-init=\"callbacks.initTriggerButton\"\n\t\t\tdata-wp-on--click=\"actions.showLightbox\"\n\t\t\tdata-wp-style--right=\"state.imageButtonRight\"\n\t\t\tdata-wp-style--top=\"state.imageButtonTop\"\n\t\t>\n\t\t\t<svg xmlns=\"http:\/\/www.w3.org\/2000\/svg\" width=\"12\" height=\"12\" fill=\"none\" viewBox=\"0 0 12 12\">\n\t\t\t\t<path fill=\"#fff\" d=\"M2 0a2 2 0 0 0-2 2v2h1.5V2a.5.5 0 0 1 .5-.5h2V0H2Zm2 10.5H2a.5.5 0 0 1-.5-.5V8H0v2a2 2 0 0 0 2 2h2v-1.5ZM8 12v-1.5h2a.5.5 0 0 0 .5-.5V8H12v2a2 2 0 0 1-2 2H8Zm2-12a2 2 0 0 1 2 2v2h-1.5V2a.5.5 0 0 0-.5-.5H8V0h2Z\" \/>\n\t\t\t<\/svg>\n\t\t<\/button><\/figure>\n<\/div>\n<\/div>\n\n\n\n<div class=\"wp-block-columns is-layout-flex wp-container-core-columns-is-layout-28f84493 wp-block-columns-is-layout-flex\">\n<div class=\"wp-block-column is-layout-flow wp-block-column-is-layout-flow\" style=\"flex-basis:66.66%\"><\/div>\n\n\n\n<div class=\"wp-block-column is-layout-flow wp-block-column-is-layout-flow\" style=\"flex-basis:33.33%\"><\/div>\n<\/div>\n","protected":false},"excerpt":{"rendered":"<p>2025 Nuages lac\u00e9r\u00e9s est une s\u00e9rie de dessins incis\u00e9s sur papier cir\u00e9s. Des danseurs de but\u014d apparaissent par transparence en contrejour ou se r\u00e9v\u00e8lent \u00e0 la lumi\u00e8re rasante. Ce travail met en tension la force expressive des corps avec l\u2019aspect \u00e0 peine perceptible de la technique employ\u00e9e.<\/p>\n","protected":false},"author":1,"featured_media":491,"parent":0,"menu_order":0,"comment_status":"closed","ping_status":"closed","template":"","meta":{"om_disable_all_campaigns":false,"_monsterinsights_skip_tracking":false,"_monsterinsights_sitenote_active":false,"_monsterinsights_sitenote_note":"","_monsterinsights_sitenote_category":0,"footnotes":""},"class_list":["post-472","page","type-page","status-publish","has-post-thumbnail","hentry"],"aioseo_notices":[],"_links":{"self":[{"href":"https:\/\/www.caroline-arucci.fr\/index.php\/wp-json\/wp\/v2\/pages\/472","targetHints":{"allow":["GET"]}}],"collection":[{"href":"https:\/\/www.caroline-arucci.fr\/index.php\/wp-json\/wp\/v2\/pages"}],"about":[{"href":"https:\/\/www.caroline-arucci.fr\/index.php\/wp-json\/wp\/v2\/types\/page"}],"author":[{"embeddable":true,"href":"https:\/\/www.caroline-arucci.fr\/index.php\/wp-json\/wp\/v2\/users\/1"}],"replies":[{"embeddable":true,"href":"https:\/\/www.caroline-arucci.fr\/index.php\/wp-json\/wp\/v2\/comments?post=472"}],"version-history":[{"count":17,"href":"https:\/\/www.caroline-arucci.fr\/index.php\/wp-json\/wp\/v2\/pages\/472\/revisions"}],"predecessor-version":[{"id":858,"href":"https:\/\/www.caroline-arucci.fr\/index.php\/wp-json\/wp\/v2\/pages\/472\/revisions\/858"}],"wp:featuredmedia":[{"embeddable":true,"href":"https:\/\/www.caroline-arucci.fr\/index.php\/wp-json\/wp\/v2\/media\/491"}],"wp:attachment":[{"href":"https:\/\/www.caroline-arucci.fr\/index.php\/wp-json\/wp\/v2\/media?parent=472"}],"curies":[{"name":"wp","href":"https:\/\/api.w.org\/{rel}","templated":true}]}}