{"id":224,"date":"2025-07-11T16:57:03","date_gmt":"2025-07-11T16:57:03","guid":{"rendered":"https:\/\/www.caroline-arucci.fr\/?page_id=224"},"modified":"2025-08-30T07:41:50","modified_gmt":"2025-08-30T07:41:50","slug":"lamour-sacre","status":"publish","type":"page","link":"https:\/\/www.caroline-arucci.fr\/index.php\/lamour-sacre\/","title":{"rendered":"L&rsquo;Amour Sacr\u00e9"},"content":{"rendered":"\n<p class=\"has-text-align-right\">2025<\/p>\n\n\n\n<div class=\"wp-block-group alignfull is-layout-flow wp-block-group-is-layout-flow\">\n<div class=\"wp-block-group alignfull has-global-padding is-layout-constrained wp-block-group-is-layout-constrained\" style=\"padding-top:var(--wp--preset--spacing--50);padding-bottom:var(--wp--preset--spacing--50)\">\n<p>Cette s\u00e9rie questionne notre rapport \u00e0 l&rsquo;amour charnel \u00e0 travers une exploration chor\u00e9graphique des corps et l\u2019expressivit\u00e9 picturale \u00e0 l&rsquo;encre de Chine et \u00e0 l&rsquo;acrylique.<\/p>\n\n\n\n<figure class=\"wp-block-image aligncenter size-large is-resized\"><img loading=\"lazy\" decoding=\"async\" width=\"720\" height=\"1024\" src=\"https:\/\/www.caroline-arucci.fr\/wp-content\/uploads\/2025\/08\/image-1.jpg\" alt=\"\" class=\"wp-image-1202\" style=\"width:470px;height:auto\" srcset=\"https:\/\/www.caroline-arucci.fr\/wp-content\/uploads\/2025\/08\/image-1.jpg 720w, https:\/\/www.caroline-arucci.fr\/wp-content\/uploads\/2025\/08\/image-1-211x300.jpg 211w\" sizes=\"auto, (max-width: 720px) 100vw, 720px\" \/><figcaption class=\"wp-element-caption\">Encre de Chine et acrylique sur papier<br>29,7x42cm<br>2025<\/figcaption><\/figure>\n\n\n\n<figure class=\"wp-block-image aligncenter size-large is-resized\"><img loading=\"lazy\" decoding=\"async\" width=\"1024\" height=\"723\" src=\"https:\/\/www.caroline-arucci.fr\/wp-content\/uploads\/2025\/08\/img_5186-1024x723.jpg\" alt=\"\" class=\"wp-image-1267\" style=\"width:544px;height:auto\" srcset=\"https:\/\/www.caroline-arucci.fr\/wp-content\/uploads\/2025\/08\/img_5186-1024x723.jpg 1024w, https:\/\/www.caroline-arucci.fr\/wp-content\/uploads\/2025\/08\/img_5186-300x212.jpg 300w, https:\/\/www.caroline-arucci.fr\/wp-content\/uploads\/2025\/08\/img_5186-768x542.jpg 768w, https:\/\/www.caroline-arucci.fr\/wp-content\/uploads\/2025\/08\/img_5186-1536x1084.jpg 1536w, https:\/\/www.caroline-arucci.fr\/wp-content\/uploads\/2025\/08\/img_5186.jpg 2000w\" sizes=\"auto, (max-width: 1024px) 100vw, 1024px\" \/><figcaption class=\"wp-element-caption\">Encre de Chine et acrylique sur papier<br>29,7x42cm<br>2025<\/figcaption><\/figure>\n\n\n\n<figure class=\"wp-block-image aligncenter size-large is-resized\"><img loading=\"lazy\" decoding=\"async\" width=\"1024\" height=\"739\" src=\"https:\/\/www.caroline-arucci.fr\/wp-content\/uploads\/2025\/08\/image-2.jpg\" alt=\"\" class=\"wp-image-1205\" style=\"width:883px;height:auto\" srcset=\"https:\/\/www.caroline-arucci.fr\/wp-content\/uploads\/2025\/08\/image-2.jpg 1024w, https:\/\/www.caroline-arucci.fr\/wp-content\/uploads\/2025\/08\/image-2-300x217.jpg 300w, https:\/\/www.caroline-arucci.fr\/wp-content\/uploads\/2025\/08\/image-2-768x554.jpg 768w\" sizes=\"auto, (max-width: 1024px) 100vw, 1024px\" \/><figcaption class=\"wp-element-caption\">Encre de Chine et acrylique sur papier<br>29,7x42cm<br>2025<\/figcaption><\/figure>\n\n\n\n<figure class=\"wp-block-image aligncenter size-large is-resized\"><img loading=\"lazy\" decoding=\"async\" width=\"723\" height=\"1024\" src=\"https:\/\/www.caroline-arucci.fr\/wp-content\/uploads\/2025\/08\/img_5172-723x1024.jpg\" alt=\"\" class=\"wp-image-1258\" style=\"width:525px;height:auto\" srcset=\"https:\/\/www.caroline-arucci.fr\/wp-content\/uploads\/2025\/08\/img_5172-723x1024.jpg 723w, https:\/\/www.caroline-arucci.fr\/wp-content\/uploads\/2025\/08\/img_5172-212x300.jpg 212w, https:\/\/www.caroline-arucci.fr\/wp-content\/uploads\/2025\/08\/img_5172-768x1088.jpg 768w, https:\/\/www.caroline-arucci.fr\/wp-content\/uploads\/2025\/08\/img_5172-1084x1536.jpg 1084w, https:\/\/www.caroline-arucci.fr\/wp-content\/uploads\/2025\/08\/img_5172.jpg 1412w\" sizes=\"auto, (max-width: 723px) 100vw, 723px\" \/><figcaption class=\"wp-element-caption\">Encre de Chine et acrylique sur papier<br>21&#215;29,7 cm<br>2025<\/figcaption><\/figure>\n<\/div>\n<\/div>\n\n\n\n<figure data-wp-context=\"{&quot;imageId&quot;:&quot;69ea46143261c&quot;}\" data-wp-interactive=\"core\/image\" data-wp-key=\"69ea46143261c\" class=\"wp-block-image aligncenter size-full wp-lightbox-container\"><img decoding=\"async\" data-wp-class--hide=\"state.isContentHidden\" data-wp-class--show=\"state.isContentVisible\" data-wp-init=\"callbacks.setButtonStyles\" data-wp-on--click=\"actions.showLightbox\" data-wp-on--load=\"callbacks.setButtonStyles\" data-wp-on-window--resize=\"callbacks.setButtonStyles\" src=\"https:\/\/www.caroline-arucci.fr\/wp-content\/uploads\/2025\/07\/1752252393809-5.jpeg\" alt=\"\" class=\"wp-image-315\"\/><button\n\t\t\tclass=\"lightbox-trigger\"\n\t\t\ttype=\"button\"\n\t\t\taria-haspopup=\"dialog\"\n\t\t\taria-label=\"Agrandir\"\n\t\t\tdata-wp-init=\"callbacks.initTriggerButton\"\n\t\t\tdata-wp-on--click=\"actions.showLightbox\"\n\t\t\tdata-wp-style--right=\"state.imageButtonRight\"\n\t\t\tdata-wp-style--top=\"state.imageButtonTop\"\n\t\t>\n\t\t\t<svg xmlns=\"http:\/\/www.w3.org\/2000\/svg\" width=\"12\" height=\"12\" fill=\"none\" viewBox=\"0 0 12 12\">\n\t\t\t\t<path fill=\"#fff\" d=\"M2 0a2 2 0 0 0-2 2v2h1.5V2a.5.5 0 0 1 .5-.5h2V0H2Zm2 10.5H2a.5.5 0 0 1-.5-.5V8H0v2a2 2 0 0 0 2 2h2v-1.5ZM8 12v-1.5h2a.5.5 0 0 0 .5-.5V8H12v2a2 2 0 0 1-2 2H8Zm2-12a2 2 0 0 1 2 2v2h-1.5V2a.5.5 0 0 0-.5-.5H8V0h2Z\" \/>\n\t\t\t<\/svg>\n\t\t<\/button><figcaption class=\"wp-element-caption\">Encre de Chine et acrylique sur -papier-14,8 X 21cm-2025<\/figcaption><\/figure>\n\n\n\n<figure class=\"wp-block-image aligncenter size-large\"><img loading=\"lazy\" decoding=\"async\" width=\"1024\" height=\"768\" src=\"https:\/\/www.caroline-arucci.fr\/wp-content\/uploads\/2025\/07\/img_4702-1024x768.jpg\" alt=\"\" class=\"wp-image-878\" srcset=\"https:\/\/www.caroline-arucci.fr\/wp-content\/uploads\/2025\/07\/img_4702-1024x768.jpg 1024w, https:\/\/www.caroline-arucci.fr\/wp-content\/uploads\/2025\/07\/img_4702-300x225.jpg 300w, https:\/\/www.caroline-arucci.fr\/wp-content\/uploads\/2025\/07\/img_4702-768x576.jpg 768w, https:\/\/www.caroline-arucci.fr\/wp-content\/uploads\/2025\/07\/img_4702-1536x1152.jpg 1536w, https:\/\/www.caroline-arucci.fr\/wp-content\/uploads\/2025\/07\/img_4702.jpg 2000w\" sizes=\"auto, (max-width: 1024px) 100vw, 1024px\" \/><figcaption class=\"wp-element-caption\">Encre de Chine et acrylique sur papier &#8211; 29,7 x 42 cm &#8211; 2025<\/figcaption><\/figure>\n\n\n\n<div class=\"wp-block-group alignfull is-vertical is-content-justification-stretch is-layout-flex wp-container-core-group-is-layout-c1341123 wp-block-group-is-layout-flex\" style=\"margin-top:0;margin-bottom:0\">\n<div style=\"height:0px;width:0px\" aria-hidden=\"true\" class=\"wp-block-spacer wp-container-content-9760934e\"><\/div>\n<\/div>\n\n\n\n<figure data-wp-context=\"{&quot;imageId&quot;:&quot;69ea461432c52&quot;}\" data-wp-interactive=\"core\/image\" data-wp-key=\"69ea461432c52\" class=\"wp-block-image aligncenter size-full wp-lightbox-container\"><img loading=\"lazy\" decoding=\"async\" width=\"2560\" height=\"2032\" data-wp-class--hide=\"state.isContentHidden\" data-wp-class--show=\"state.isContentVisible\" data-wp-init=\"callbacks.setButtonStyles\" data-wp-on--click=\"actions.showLightbox\" data-wp-on--load=\"callbacks.setButtonStyles\" data-wp-on-window--resize=\"callbacks.setButtonStyles\" src=\"https:\/\/www.caroline-arucci.fr\/wp-content\/uploads\/2025\/07\/1752252679117-4-scaled.jpeg\" alt=\"\" class=\"wp-image-320\" srcset=\"https:\/\/www.caroline-arucci.fr\/wp-content\/uploads\/2025\/07\/1752252679117-4-scaled.jpeg 2560w, https:\/\/www.caroline-arucci.fr\/wp-content\/uploads\/2025\/07\/1752252679117-4-300x238.jpeg 300w, https:\/\/www.caroline-arucci.fr\/wp-content\/uploads\/2025\/07\/1752252679117-4-1024x813.jpeg 1024w\" sizes=\"auto, (max-width: 2560px) 100vw, 2560px\" \/><button\n\t\t\tclass=\"lightbox-trigger\"\n\t\t\ttype=\"button\"\n\t\t\taria-haspopup=\"dialog\"\n\t\t\taria-label=\"Agrandir\"\n\t\t\tdata-wp-init=\"callbacks.initTriggerButton\"\n\t\t\tdata-wp-on--click=\"actions.showLightbox\"\n\t\t\tdata-wp-style--right=\"state.imageButtonRight\"\n\t\t\tdata-wp-style--top=\"state.imageButtonTop\"\n\t\t>\n\t\t\t<svg xmlns=\"http:\/\/www.w3.org\/2000\/svg\" width=\"12\" height=\"12\" fill=\"none\" viewBox=\"0 0 12 12\">\n\t\t\t\t<path fill=\"#fff\" d=\"M2 0a2 2 0 0 0-2 2v2h1.5V2a.5.5 0 0 1 .5-.5h2V0H2Zm2 10.5H2a.5.5 0 0 1-.5-.5V8H0v2a2 2 0 0 0 2 2h2v-1.5ZM8 12v-1.5h2a.5.5 0 0 0 .5-.5V8H12v2a2 2 0 0 1-2 2H8Zm2-12a2 2 0 0 1 2 2v2h-1.5V2a.5.5 0 0 0-.5-.5H8V0h2Z\" \/>\n\t\t\t<\/svg>\n\t\t<\/button><figcaption class=\"wp-element-caption\">Encre de Chine et acrylique sur -papier-14,8 X 21cm-2025<\/figcaption><\/figure>\n\n\n\n<figure data-wp-context=\"{&quot;imageId&quot;:&quot;69ea461433109&quot;}\" data-wp-interactive=\"core\/image\" data-wp-key=\"69ea461433109\" class=\"wp-block-image aligncenter size-large wp-lightbox-container\"><img loading=\"lazy\" decoding=\"async\" width=\"1024\" height=\"735\" data-wp-class--hide=\"state.isContentHidden\" data-wp-class--show=\"state.isContentVisible\" data-wp-init=\"callbacks.setButtonStyles\" data-wp-on--click=\"actions.showLightbox\" data-wp-on--load=\"callbacks.setButtonStyles\" data-wp-on-window--resize=\"callbacks.setButtonStyles\" src=\"https:\/\/www.caroline-arucci.fr\/wp-content\/uploads\/2025\/07\/1752252423324-5-1024x735.jpeg\" alt=\"\" class=\"wp-image-318\" srcset=\"https:\/\/www.caroline-arucci.fr\/wp-content\/uploads\/2025\/07\/1752252423324-5-1024x735.jpeg 1024w, https:\/\/www.caroline-arucci.fr\/wp-content\/uploads\/2025\/07\/1752252423324-5-300x215.jpeg 300w, https:\/\/www.caroline-arucci.fr\/wp-content\/uploads\/2025\/07\/1752252423324-5-768x551.jpeg 768w, https:\/\/www.caroline-arucci.fr\/wp-content\/uploads\/2025\/07\/1752252423324-5-1536x1103.jpeg 1536w, https:\/\/www.caroline-arucci.fr\/wp-content\/uploads\/2025\/07\/1752252423324-5-2048x1470.jpeg 2048w\" sizes=\"auto, (max-width: 1024px) 100vw, 1024px\" \/><button\n\t\t\tclass=\"lightbox-trigger\"\n\t\t\ttype=\"button\"\n\t\t\taria-haspopup=\"dialog\"\n\t\t\taria-label=\"Agrandir\"\n\t\t\tdata-wp-init=\"callbacks.initTriggerButton\"\n\t\t\tdata-wp-on--click=\"actions.showLightbox\"\n\t\t\tdata-wp-style--right=\"state.imageButtonRight\"\n\t\t\tdata-wp-style--top=\"state.imageButtonTop\"\n\t\t>\n\t\t\t<svg xmlns=\"http:\/\/www.w3.org\/2000\/svg\" width=\"12\" height=\"12\" fill=\"none\" viewBox=\"0 0 12 12\">\n\t\t\t\t<path fill=\"#fff\" d=\"M2 0a2 2 0 0 0-2 2v2h1.5V2a.5.5 0 0 1 .5-.5h2V0H2Zm2 10.5H2a.5.5 0 0 1-.5-.5V8H0v2a2 2 0 0 0 2 2h2v-1.5ZM8 12v-1.5h2a.5.5 0 0 0 .5-.5V8H12v2a2 2 0 0 1-2 2H8Zm2-12a2 2 0 0 1 2 2v2h-1.5V2a.5.5 0 0 0-.5-.5H8V0h2Z\" \/>\n\t\t\t<\/svg>\n\t\t<\/button><figcaption class=\"wp-element-caption\">Techniques mixtes sur papier &#8211; 29,7 X 42cm -2025<\/figcaption><\/figure>\n\n\n\n<figure data-wp-context=\"{&quot;imageId&quot;:&quot;69ea461433672&quot;}\" data-wp-interactive=\"core\/image\" data-wp-key=\"69ea461433672\" class=\"wp-block-image aligncenter size-full wp-lightbox-container\"><img decoding=\"async\" data-wp-class--hide=\"state.isContentHidden\" data-wp-class--show=\"state.isContentVisible\" data-wp-init=\"callbacks.setButtonStyles\" data-wp-on--click=\"actions.showLightbox\" data-wp-on--load=\"callbacks.setButtonStyles\" data-wp-on-window--resize=\"callbacks.setButtonStyles\" src=\"https:\/\/www.caroline-arucci.fr\/wp-content\/uploads\/2025\/07\/1752252447793-4.jpeg\" alt=\"\" class=\"wp-image-317\"\/><button\n\t\t\tclass=\"lightbox-trigger\"\n\t\t\ttype=\"button\"\n\t\t\taria-haspopup=\"dialog\"\n\t\t\taria-label=\"Agrandir\"\n\t\t\tdata-wp-init=\"callbacks.initTriggerButton\"\n\t\t\tdata-wp-on--click=\"actions.showLightbox\"\n\t\t\tdata-wp-style--right=\"state.imageButtonRight\"\n\t\t\tdata-wp-style--top=\"state.imageButtonTop\"\n\t\t>\n\t\t\t<svg xmlns=\"http:\/\/www.w3.org\/2000\/svg\" width=\"12\" height=\"12\" fill=\"none\" viewBox=\"0 0 12 12\">\n\t\t\t\t<path fill=\"#fff\" d=\"M2 0a2 2 0 0 0-2 2v2h1.5V2a.5.5 0 0 1 .5-.5h2V0H2Zm2 10.5H2a.5.5 0 0 1-.5-.5V8H0v2a2 2 0 0 0 2 2h2v-1.5ZM8 12v-1.5h2a.5.5 0 0 0 .5-.5V8H12v2a2 2 0 0 1-2 2H8Zm2-12a2 2 0 0 1 2 2v2h-1.5V2a.5.5 0 0 0-.5-.5H8V0h2Z\" \/>\n\t\t\t<\/svg>\n\t\t<\/button><figcaption class=\"wp-element-caption\">Encre de Chine et acrylique sur -papier-14,8 X 21cm-2025<\/figcaption><\/figure>\n\n\n\n<figure class=\"wp-block-image size-large\"><img loading=\"lazy\" decoding=\"async\" width=\"1024\" height=\"759\" src=\"https:\/\/www.caroline-arucci.fr\/wp-content\/uploads\/2025\/08\/image-3.jpg\" alt=\"\" class=\"wp-image-1273\" srcset=\"https:\/\/www.caroline-arucci.fr\/wp-content\/uploads\/2025\/08\/image-3.jpg 1024w, https:\/\/www.caroline-arucci.fr\/wp-content\/uploads\/2025\/08\/image-3-300x222.jpg 300w, https:\/\/www.caroline-arucci.fr\/wp-content\/uploads\/2025\/08\/image-3-768x569.jpg 768w\" sizes=\"auto, (max-width: 1024px) 100vw, 1024px\" \/><figcaption class=\"wp-element-caption\">Encre de Chine et acrylique sur papier<br>29,7x42cm<br>2025<\/figcaption><\/figure>\n\n\n\n<figure data-wp-context=\"{&quot;imageId&quot;:&quot;69ea461433aaa&quot;}\" data-wp-interactive=\"core\/image\" data-wp-key=\"69ea461433aaa\" class=\"wp-block-image aligncenter size-large wp-lightbox-container\"><img loading=\"lazy\" decoding=\"async\" width=\"1024\" height=\"760\" data-wp-class--hide=\"state.isContentHidden\" data-wp-class--show=\"state.isContentVisible\" data-wp-init=\"callbacks.setButtonStyles\" data-wp-on--click=\"actions.showLightbox\" data-wp-on--load=\"callbacks.setButtonStyles\" data-wp-on-window--resize=\"callbacks.setButtonStyles\" src=\"https:\/\/www.caroline-arucci.fr\/wp-content\/uploads\/2025\/07\/1752252438127-5-1024x760.jpeg\" alt=\"\" class=\"wp-image-313\" srcset=\"https:\/\/www.caroline-arucci.fr\/wp-content\/uploads\/2025\/07\/1752252438127-5-1024x760.jpeg 1024w, https:\/\/www.caroline-arucci.fr\/wp-content\/uploads\/2025\/07\/1752252438127-5-300x223.jpeg 300w, https:\/\/www.caroline-arucci.fr\/wp-content\/uploads\/2025\/07\/1752252438127-5-768x570.jpeg 768w\" sizes=\"auto, (max-width: 1024px) 100vw, 1024px\" \/><button\n\t\t\tclass=\"lightbox-trigger\"\n\t\t\ttype=\"button\"\n\t\t\taria-haspopup=\"dialog\"\n\t\t\taria-label=\"Agrandir\"\n\t\t\tdata-wp-init=\"callbacks.initTriggerButton\"\n\t\t\tdata-wp-on--click=\"actions.showLightbox\"\n\t\t\tdata-wp-style--right=\"state.imageButtonRight\"\n\t\t\tdata-wp-style--top=\"state.imageButtonTop\"\n\t\t>\n\t\t\t<svg xmlns=\"http:\/\/www.w3.org\/2000\/svg\" width=\"12\" height=\"12\" fill=\"none\" viewBox=\"0 0 12 12\">\n\t\t\t\t<path fill=\"#fff\" d=\"M2 0a2 2 0 0 0-2 2v2h1.5V2a.5.5 0 0 1 .5-.5h2V0H2Zm2 10.5H2a.5.5 0 0 1-.5-.5V8H0v2a2 2 0 0 0 2 2h2v-1.5ZM8 12v-1.5h2a.5.5 0 0 0 .5-.5V8H12v2a2 2 0 0 1-2 2H8Zm2-12a2 2 0 0 1 2 2v2h-1.5V2a.5.5 0 0 0-.5-.5H8V0h2Z\" \/>\n\t\t\t<\/svg>\n\t\t<\/button><figcaption class=\"wp-element-caption\">Encre de Chine et acrylique sur -papier-14,8 X 21cm-2025<\/figcaption><\/figure>\n\n\n\n<figure data-wp-context=\"{&quot;imageId&quot;:&quot;69ea461433e0d&quot;}\" data-wp-interactive=\"core\/image\" data-wp-key=\"69ea461433e0d\" class=\"wp-block-image aligncenter size-full is-resized wp-lightbox-container\"><img decoding=\"async\" data-wp-class--hide=\"state.isContentHidden\" data-wp-class--show=\"state.isContentVisible\" data-wp-init=\"callbacks.setButtonStyles\" data-wp-on--click=\"actions.showLightbox\" data-wp-on--load=\"callbacks.setButtonStyles\" data-wp-on-window--resize=\"callbacks.setButtonStyles\" src=\"https:\/\/www.caroline-arucci.fr\/wp-content\/uploads\/2025\/07\/1752252380289-5.jpeg\" alt=\"\" class=\"wp-image-314\" style=\"width:385px;height:auto\"\/><button\n\t\t\tclass=\"lightbox-trigger\"\n\t\t\ttype=\"button\"\n\t\t\taria-haspopup=\"dialog\"\n\t\t\taria-label=\"Agrandir\"\n\t\t\tdata-wp-init=\"callbacks.initTriggerButton\"\n\t\t\tdata-wp-on--click=\"actions.showLightbox\"\n\t\t\tdata-wp-style--right=\"state.imageButtonRight\"\n\t\t\tdata-wp-style--top=\"state.imageButtonTop\"\n\t\t>\n\t\t\t<svg xmlns=\"http:\/\/www.w3.org\/2000\/svg\" width=\"12\" height=\"12\" fill=\"none\" viewBox=\"0 0 12 12\">\n\t\t\t\t<path fill=\"#fff\" d=\"M2 0a2 2 0 0 0-2 2v2h1.5V2a.5.5 0 0 1 .5-.5h2V0H2Zm2 10.5H2a.5.5 0 0 1-.5-.5V8H0v2a2 2 0 0 0 2 2h2v-1.5ZM8 12v-1.5h2a.5.5 0 0 0 .5-.5V8H12v2a2 2 0 0 1-2 2H8Zm2-12a2 2 0 0 1 2 2v2h-1.5V2a.5.5 0 0 0-.5-.5H8V0h2Z\" \/>\n\t\t\t<\/svg>\n\t\t<\/button><figcaption class=\"wp-element-caption\">Techniques mixtes sur papier &#8211; 29,7 X 42cm -2025<\/figcaption><\/figure>\n\n\n\n<figure class=\"wp-block-image size-large\"><img loading=\"lazy\" decoding=\"async\" width=\"1024\" height=\"715\" src=\"https:\/\/www.caroline-arucci.fr\/wp-content\/uploads\/2025\/08\/img_4948-1-1024x715.jpg\" alt=\"\" class=\"wp-image-1086\" srcset=\"https:\/\/www.caroline-arucci.fr\/wp-content\/uploads\/2025\/08\/img_4948-1-1024x715.jpg 1024w, https:\/\/www.caroline-arucci.fr\/wp-content\/uploads\/2025\/08\/img_4948-1-300x210.jpg 300w, https:\/\/www.caroline-arucci.fr\/wp-content\/uploads\/2025\/08\/img_4948-1-768x536.jpg 768w, https:\/\/www.caroline-arucci.fr\/wp-content\/uploads\/2025\/08\/img_4948-1-1536x1073.jpg 1536w, https:\/\/www.caroline-arucci.fr\/wp-content\/uploads\/2025\/08\/img_4948-1.jpg 1847w\" sizes=\"auto, (max-width: 1024px) 100vw, 1024px\" \/><figcaption class=\"wp-element-caption\">Encre de Chine et acrylique sur papier<br>29,7x42cm<br>2025<\/figcaption><\/figure>\n\n\n\n<figure class=\"wp-block-image aligncenter size-large\"><img loading=\"lazy\" decoding=\"async\" width=\"1024\" height=\"713\" src=\"http:\/\/www.caroline-arucci.fr\/wp-content\/uploads\/2025\/08\/img_5259-e1756491478750-1024x713.jpg\" alt=\"\" class=\"wp-image-1283\" srcset=\"https:\/\/www.caroline-arucci.fr\/wp-content\/uploads\/2025\/08\/img_5259-e1756491478750-1024x713.jpg 1024w, https:\/\/www.caroline-arucci.fr\/wp-content\/uploads\/2025\/08\/img_5259-e1756491478750-300x209.jpg 300w, https:\/\/www.caroline-arucci.fr\/wp-content\/uploads\/2025\/08\/img_5259-e1756491478750-768x535.jpg 768w, https:\/\/www.caroline-arucci.fr\/wp-content\/uploads\/2025\/08\/img_5259-e1756491478750-1536x1070.jpg 1536w, https:\/\/www.caroline-arucci.fr\/wp-content\/uploads\/2025\/08\/img_5259-e1756491478750.jpg 2000w\" sizes=\"auto, (max-width: 1024px) 100vw, 1024px\" \/><figcaption class=\"wp-element-caption\">Encre de Chine et acrylique sur papier<br>29,7x42cm<br>2025<\/figcaption><\/figure>\n\n\n\n<figure class=\"wp-block-image aligncenter size-large is-resized\"><img loading=\"lazy\" decoding=\"async\" width=\"1024\" height=\"1024\" src=\"https:\/\/www.caroline-arucci.fr\/wp-content\/uploads\/2025\/08\/img_5341-1024x1024.jpg\" alt=\"\" class=\"wp-image-1280\" style=\"width:405px;height:auto\" srcset=\"https:\/\/www.caroline-arucci.fr\/wp-content\/uploads\/2025\/08\/img_5341-1024x1024.jpg 1024w, https:\/\/www.caroline-arucci.fr\/wp-content\/uploads\/2025\/08\/img_5341-300x300.jpg 300w, https:\/\/www.caroline-arucci.fr\/wp-content\/uploads\/2025\/08\/img_5341-150x150.jpg 150w, https:\/\/www.caroline-arucci.fr\/wp-content\/uploads\/2025\/08\/img_5341-768x768.jpg 768w, https:\/\/www.caroline-arucci.fr\/wp-content\/uploads\/2025\/08\/img_5341-1536x1536.jpg 1536w, https:\/\/www.caroline-arucci.fr\/wp-content\/uploads\/2025\/08\/img_5341.jpg 2000w\" sizes=\"auto, (max-width: 1024px) 100vw, 1024px\" \/><figcaption class=\"wp-element-caption\">(S\u00e9rie \u00ab\u00a0L\u2019Amour sacr\u00e9\u00a0\u00bb)<br>Encre de Chine et acrylique sur papier<br>30&#215;30 cm<br>2025<\/figcaption><\/figure>\n\n\n\n<figure class=\"wp-block-image aligncenter size-large is-resized\"><img loading=\"lazy\" decoding=\"async\" width=\"677\" height=\"1024\" src=\"http:\/\/www.caroline-arucci.fr\/wp-content\/uploads\/2025\/08\/img_5211-1-677x1024.jpg\" alt=\"\" class=\"wp-image-1304\" style=\"width:361px;height:auto\" srcset=\"https:\/\/www.caroline-arucci.fr\/wp-content\/uploads\/2025\/08\/img_5211-1-677x1024.jpg 677w, https:\/\/www.caroline-arucci.fr\/wp-content\/uploads\/2025\/08\/img_5211-1-198x300.jpg 198w, https:\/\/www.caroline-arucci.fr\/wp-content\/uploads\/2025\/08\/img_5211-1-768x1162.jpg 768w, https:\/\/www.caroline-arucci.fr\/wp-content\/uploads\/2025\/08\/img_5211-1.jpg 1322w\" sizes=\"auto, (max-width: 677px) 100vw, 677px\" \/><figcaption class=\"wp-element-caption\">(S\u00e9rie \u00ab\u00a0L\u2019Amour sacr\u00e9\u00a0\u00bb)<br>Encre de Chine et acrylique sur papier<br>14,8&#215;21 cm<br>2025<\/figcaption><\/figure>\n\n\n\n<figure class=\"wp-block-image aligncenter size-full is-resized\"><img loading=\"lazy\" decoding=\"async\" width=\"850\" height=\"1020\" src=\"http:\/\/www.caroline-arucci.fr\/wp-content\/uploads\/2025\/08\/image-4-e1756491391451.jpg\" alt=\"\" class=\"wp-image-1292\" style=\"width:381px;height:auto\" srcset=\"https:\/\/www.caroline-arucci.fr\/wp-content\/uploads\/2025\/08\/image-4-e1756491391451.jpg 850w, https:\/\/www.caroline-arucci.fr\/wp-content\/uploads\/2025\/08\/image-4-e1756491391451-250x300.jpg 250w, https:\/\/www.caroline-arucci.fr\/wp-content\/uploads\/2025\/08\/image-4-e1756491391451-768x922.jpg 768w\" sizes=\"auto, (max-width: 850px) 100vw, 850px\" \/><figcaption class=\"wp-element-caption\">Encre de Chine et acrylique sur papier<br>26&#215;22 cm<br>2025<\/figcaption><\/figure>\n\n\n\n<figure class=\"wp-block-image aligncenter size-full is-resized\"><img loading=\"lazy\" decoding=\"async\" width=\"655\" height=\"1024\" src=\"http:\/\/www.caroline-arucci.fr\/wp-content\/uploads\/2025\/08\/image-3-1-e1756491343729.jpg\" alt=\"\" class=\"wp-image-1299\" style=\"width:389px;height:auto\" srcset=\"https:\/\/www.caroline-arucci.fr\/wp-content\/uploads\/2025\/08\/image-3-1-e1756491343729.jpg 655w, https:\/\/www.caroline-arucci.fr\/wp-content\/uploads\/2025\/08\/image-3-1-e1756491343729-192x300.jpg 192w\" sizes=\"auto, (max-width: 655px) 100vw, 655px\" \/><figcaption class=\"wp-element-caption\">Technique mixte sur papier<br>28,4x18cm<br>2025<\/figcaption><\/figure>\n","protected":false},"excerpt":{"rendered":"<p>2025 Cette s\u00e9rie questionne notre rapport \u00e0 l&rsquo;amour charnel \u00e0 travers une exploration chor\u00e9graphique des corps et l\u2019expressivit\u00e9 picturale \u00e0 l&rsquo;encre de Chine et \u00e0 l&rsquo;acrylique.<\/p>\n","protected":false},"author":1,"featured_media":11,"parent":0,"menu_order":0,"comment_status":"closed","ping_status":"closed","template":"","meta":{"om_disable_all_campaigns":false,"_monsterinsights_skip_tracking":false,"_monsterinsights_sitenote_active":false,"_monsterinsights_sitenote_note":"","_monsterinsights_sitenote_category":0,"footnotes":""},"class_list":["post-224","page","type-page","status-publish","has-post-thumbnail","hentry"],"aioseo_notices":[],"_links":{"self":[{"href":"https:\/\/www.caroline-arucci.fr\/index.php\/wp-json\/wp\/v2\/pages\/224","targetHints":{"allow":["GET"]}}],"collection":[{"href":"https:\/\/www.caroline-arucci.fr\/index.php\/wp-json\/wp\/v2\/pages"}],"about":[{"href":"https:\/\/www.caroline-arucci.fr\/index.php\/wp-json\/wp\/v2\/types\/page"}],"author":[{"embeddable":true,"href":"https:\/\/www.caroline-arucci.fr\/index.php\/wp-json\/wp\/v2\/users\/1"}],"replies":[{"embeddable":true,"href":"https:\/\/www.caroline-arucci.fr\/index.php\/wp-json\/wp\/v2\/comments?post=224"}],"version-history":[{"count":59,"href":"https:\/\/www.caroline-arucci.fr\/index.php\/wp-json\/wp\/v2\/pages\/224\/revisions"}],"predecessor-version":[{"id":1314,"href":"https:\/\/www.caroline-arucci.fr\/index.php\/wp-json\/wp\/v2\/pages\/224\/revisions\/1314"}],"wp:featuredmedia":[{"embeddable":true,"href":"https:\/\/www.caroline-arucci.fr\/index.php\/wp-json\/wp\/v2\/media\/11"}],"wp:attachment":[{"href":"https:\/\/www.caroline-arucci.fr\/index.php\/wp-json\/wp\/v2\/media?parent=224"}],"curies":[{"name":"wp","href":"https:\/\/api.w.org\/{rel}","templated":true}]}}