{"id":1323,"date":"2026-01-29T12:27:09","date_gmt":"2026-01-29T12:27:09","guid":{"rendered":"https:\/\/www.caroline-arucci.fr\/?page_id=1323"},"modified":"2026-02-11T06:52:01","modified_gmt":"2026-02-11T06:52:01","slug":"souvenirs-sans-memoire","status":"publish","type":"page","link":"https:\/\/www.caroline-arucci.fr\/index.php\/souvenirs-sans-memoire\/","title":{"rendered":"Souvenirs sans m\u00e9moire"},"content":{"rendered":"\n<p class=\"has-text-align-right\">(2025-2026)<\/p>\n\n\n\n<p>Dans les brocantes et vide-greniers, on trouve de vieilles photographies vendues en vrac pour une somme modique. Certaines proviennent du Japon, d&rsquo;autres de France, mais rares sont les indications de date, lieu ou noms de personnes. D\u00e9contextualis\u00e9es, ce sont des souvenirs priv\u00e9s de leur m\u00e9moire.<\/p>\n\n\n\n<p>Les acqu\u00e9rir c&rsquo;est s&rsquo;approprier un pass\u00e9 qui n&rsquo;est pas le sien. Ne pas les recueillir, c&rsquo;est les condamner \u00e0 l&rsquo;oubli. C&rsquo;est la confrontation \u00e0 ce dilemme qui a donn\u00e9 naissance \u00e0 la s\u00e9rie \u00ab\u00a0souvenirs sans m\u00e9moire\u00a0\u00bb. Pour redonner une visibilit\u00e9 \u00e0 ces personnes oubli\u00e9es.<\/p>\n\n\n\n<p>Sur des plaques de verre, une partie est peinte en noir ou blanc, l&rsquo;autre , celle qui n&rsquo;est pas instantan\u00e9ment perceptible sur les photographies d&rsquo;origine, n&rsquo;appara\u00eet que si l&rsquo;on projette l&rsquo;ombre du verre. C&rsquo;est ainsi que l&rsquo;on restitue la compl\u00e9tude de l&rsquo;image. La projection permet aussi de l&rsquo;agrandir. Le processus de r\u00e9duction du sujet photographi\u00e9 est ainsi invers\u00e9.<\/p>\n\n\n\n<p>(page en construction, voir compte instagram pour les images)<\/p>\n\n\n\n<p><\/p>\n\n\n\n<figure class=\"wp-block-image aligncenter size-large\"><img loading=\"lazy\" decoding=\"async\" width=\"903\" height=\"1024\" src=\"https:\/\/www.caroline-arucci.fr\/wp-content\/uploads\/2026\/01\/img_5476-903x1024.jpg\" alt=\"\" class=\"wp-image-1331\" srcset=\"https:\/\/www.caroline-arucci.fr\/wp-content\/uploads\/2026\/01\/img_5476-903x1024.jpg 903w, https:\/\/www.caroline-arucci.fr\/wp-content\/uploads\/2026\/01\/img_5476-265x300.jpg 265w, https:\/\/www.caroline-arucci.fr\/wp-content\/uploads\/2026\/01\/img_5476-768x871.jpg 768w, https:\/\/www.caroline-arucci.fr\/wp-content\/uploads\/2026\/01\/img_5476-1355x1536.jpg 1355w, https:\/\/www.caroline-arucci.fr\/wp-content\/uploads\/2026\/01\/img_5476.jpg 1764w\" sizes=\"auto, (max-width: 903px) 100vw, 903px\" \/><figcaption class=\"wp-element-caption\"><em>Cascade de Shiraito ?<\/em><br>Peinture sur verre<br>19,8 x 13,6 cm<br>2025<\/figcaption><\/figure>\n\n\n\n<figure class=\"wp-block-image aligncenter size-large\"><img loading=\"lazy\" decoding=\"async\" width=\"1024\" height=\"1024\" src=\"https:\/\/www.caroline-arucci.fr\/wp-content\/uploads\/2026\/01\/img_8680-1024x1024.jpg\" alt=\"\" class=\"wp-image-1332\" srcset=\"https:\/\/www.caroline-arucci.fr\/wp-content\/uploads\/2026\/01\/img_8680-1024x1024.jpg 1024w, https:\/\/www.caroline-arucci.fr\/wp-content\/uploads\/2026\/01\/img_8680-300x300.jpg 300w, https:\/\/www.caroline-arucci.fr\/wp-content\/uploads\/2026\/01\/img_8680-150x150.jpg 150w, https:\/\/www.caroline-arucci.fr\/wp-content\/uploads\/2026\/01\/img_8680-768x768.jpg 768w, https:\/\/www.caroline-arucci.fr\/wp-content\/uploads\/2026\/01\/img_8680-1536x1536.jpg 1536w, https:\/\/www.caroline-arucci.fr\/wp-content\/uploads\/2026\/01\/img_8680.jpg 2000w\" sizes=\"auto, (max-width: 1024px) 100vw, 1024px\" \/><figcaption class=\"wp-element-caption\"><em>Diptyque de la berg\u00e8re <\/em><br>Peinture sur verre<br>11,6 X 11,3 cm chaque plaque<br>2026<\/figcaption><\/figure>\n\n\n\n<figure class=\"wp-block-image aligncenter size-full\"><img loading=\"lazy\" decoding=\"async\" width=\"2000\" height=\"2000\" src=\"https:\/\/www.caroline-arucci.fr\/wp-content\/uploads\/2026\/01\/img_8390.jpg\" alt=\"\" class=\"wp-image-1330\" srcset=\"https:\/\/www.caroline-arucci.fr\/wp-content\/uploads\/2026\/01\/img_8390.jpg 2000w, https:\/\/www.caroline-arucci.fr\/wp-content\/uploads\/2026\/01\/img_8390-300x300.jpg 300w, https:\/\/www.caroline-arucci.fr\/wp-content\/uploads\/2026\/01\/img_8390-1024x1024.jpg 1024w, https:\/\/www.caroline-arucci.fr\/wp-content\/uploads\/2026\/01\/img_8390-150x150.jpg 150w, https:\/\/www.caroline-arucci.fr\/wp-content\/uploads\/2026\/01\/img_8390-768x768.jpg 768w, https:\/\/www.caroline-arucci.fr\/wp-content\/uploads\/2026\/01\/img_8390-1536x1536.jpg 1536w\" sizes=\"auto, (max-width: 2000px) 100vw, 2000px\" \/><figcaption class=\"wp-element-caption\"><em>\u00ab&nbsp;Papa &#8211; Janvier 1940&nbsp;\u00bb <\/em><br>Verre grav\u00e9 et peint<br>15 x 22 cm<br>2026<\/figcaption><\/figure>\n\n\n\n<figure class=\"wp-block-image aligncenter size-large\"><img loading=\"lazy\" decoding=\"async\" width=\"768\" height=\"1024\" src=\"https:\/\/www.caroline-arucci.fr\/wp-content\/uploads\/2026\/01\/img_8274-768x1024.jpg\" alt=\"\" class=\"wp-image-1328\" srcset=\"https:\/\/www.caroline-arucci.fr\/wp-content\/uploads\/2026\/01\/img_8274-768x1024.jpg 768w, https:\/\/www.caroline-arucci.fr\/wp-content\/uploads\/2026\/01\/img_8274-225x300.jpg 225w, https:\/\/www.caroline-arucci.fr\/wp-content\/uploads\/2026\/01\/img_8274-1152x1536.jpg 1152w, https:\/\/www.caroline-arucci.fr\/wp-content\/uploads\/2026\/01\/img_8274.jpg 1500w\" sizes=\"auto, (max-width: 768px) 100vw, 768px\" \/><figcaption class=\"wp-element-caption\"><em>Patiente et m\u00e9decin ?<\/em><br>Peinture sur verre<br>45x36cm<br>2025<\/figcaption><\/figure>\n\n\n\n<figure class=\"wp-block-image aligncenter size-large\"><img loading=\"lazy\" decoding=\"async\" width=\"1024\" height=\"1024\" src=\"https:\/\/www.caroline-arucci.fr\/wp-content\/uploads\/2026\/01\/img_7853-1024x1024.jpg\" alt=\"\" class=\"wp-image-1333\" srcset=\"https:\/\/www.caroline-arucci.fr\/wp-content\/uploads\/2026\/01\/img_7853-1024x1024.jpg 1024w, https:\/\/www.caroline-arucci.fr\/wp-content\/uploads\/2026\/01\/img_7853-300x300.jpg 300w, https:\/\/www.caroline-arucci.fr\/wp-content\/uploads\/2026\/01\/img_7853-150x150.jpg 150w, https:\/\/www.caroline-arucci.fr\/wp-content\/uploads\/2026\/01\/img_7853-768x768.jpg 768w, https:\/\/www.caroline-arucci.fr\/wp-content\/uploads\/2026\/01\/img_7853-1536x1536.jpg 1536w, https:\/\/www.caroline-arucci.fr\/wp-content\/uploads\/2026\/01\/img_7853.jpg 2000w\" sizes=\"auto, (max-width: 1024px) 100vw, 1024px\" \/><figcaption class=\"wp-element-caption\"><em>Portrait fun\u00e9raire collectif<\/em><br>Peinture sur verre<br>39,6&#215;27 cm<br>2025<\/figcaption><\/figure>\n\n\n\n<figure class=\"wp-block-image aligncenter size-large\"><img loading=\"lazy\" decoding=\"async\" width=\"1024\" height=\"1024\" src=\"https:\/\/www.caroline-arucci.fr\/wp-content\/uploads\/2026\/01\/img_6101-1024x1024.jpg\" alt=\"\" class=\"wp-image-1329\" srcset=\"https:\/\/www.caroline-arucci.fr\/wp-content\/uploads\/2026\/01\/img_6101-1024x1024.jpg 1024w, https:\/\/www.caroline-arucci.fr\/wp-content\/uploads\/2026\/01\/img_6101-300x300.jpg 300w, https:\/\/www.caroline-arucci.fr\/wp-content\/uploads\/2026\/01\/img_6101-150x150.jpg 150w, https:\/\/www.caroline-arucci.fr\/wp-content\/uploads\/2026\/01\/img_6101-768x768.jpg 768w, https:\/\/www.caroline-arucci.fr\/wp-content\/uploads\/2026\/01\/img_6101-1536x1536.jpg 1536w, https:\/\/www.caroline-arucci.fr\/wp-content\/uploads\/2026\/01\/img_6101.jpg 2000w\" sizes=\"auto, (max-width: 1024px) 100vw, 1024px\" \/><figcaption class=\"wp-element-caption\"><em>Etudiant <\/em><br>Peinture sur verre<br>15&#215;10,4 cm<br>2025<\/figcaption><\/figure>\n\n\n\n<figure class=\"wp-block-image aligncenter size-large\"><img loading=\"lazy\" decoding=\"async\" width=\"898\" height=\"898\" src=\"https:\/\/www.caroline-arucci.fr\/wp-content\/uploads\/2026\/01\/img_5750.jpg\" alt=\"\" class=\"wp-image-1326\" srcset=\"https:\/\/www.caroline-arucci.fr\/wp-content\/uploads\/2026\/01\/img_5750.jpg 898w, https:\/\/www.caroline-arucci.fr\/wp-content\/uploads\/2026\/01\/img_5750-300x300.jpg 300w, https:\/\/www.caroline-arucci.fr\/wp-content\/uploads\/2026\/01\/img_5750-150x150.jpg 150w, https:\/\/www.caroline-arucci.fr\/wp-content\/uploads\/2026\/01\/img_5750-768x768.jpg 768w\" sizes=\"auto, (max-width: 898px) 100vw, 898px\" \/><figcaption class=\"wp-element-caption\"><em>Famille<\/em><br>Peinture sur verre<br>16,8 x11 cm<br>2025<\/figcaption><\/figure>\n\n\n\n<p><\/p>\n","protected":false},"excerpt":{"rendered":"<p>(2025-2026) Dans les brocantes et vide-greniers, on trouve de vieilles photographies vendues en vrac pour une somme modique. Certaines proviennent du Japon, d&rsquo;autres de France, mais rares sont les indications de date, lieu ou noms de personnes. D\u00e9contextualis\u00e9es, ce sont des souvenirs priv\u00e9s de leur m\u00e9moire. Les acqu\u00e9rir c&rsquo;est s&rsquo;approprier un pass\u00e9 qui n&rsquo;est pas [&hellip;]<\/p>\n","protected":false},"author":1,"featured_media":1336,"parent":0,"menu_order":0,"comment_status":"closed","ping_status":"closed","template":"","meta":{"om_disable_all_campaigns":false,"_monsterinsights_skip_tracking":false,"_monsterinsights_sitenote_active":false,"_monsterinsights_sitenote_note":"","_monsterinsights_sitenote_category":0,"footnotes":""},"class_list":["post-1323","page","type-page","status-publish","has-post-thumbnail","hentry"],"aioseo_notices":[],"_links":{"self":[{"href":"https:\/\/www.caroline-arucci.fr\/index.php\/wp-json\/wp\/v2\/pages\/1323","targetHints":{"allow":["GET"]}}],"collection":[{"href":"https:\/\/www.caroline-arucci.fr\/index.php\/wp-json\/wp\/v2\/pages"}],"about":[{"href":"https:\/\/www.caroline-arucci.fr\/index.php\/wp-json\/wp\/v2\/types\/page"}],"author":[{"embeddable":true,"href":"https:\/\/www.caroline-arucci.fr\/index.php\/wp-json\/wp\/v2\/users\/1"}],"replies":[{"embeddable":true,"href":"https:\/\/www.caroline-arucci.fr\/index.php\/wp-json\/wp\/v2\/comments?post=1323"}],"version-history":[{"count":4,"href":"https:\/\/www.caroline-arucci.fr\/index.php\/wp-json\/wp\/v2\/pages\/1323\/revisions"}],"predecessor-version":[{"id":1344,"href":"https:\/\/www.caroline-arucci.fr\/index.php\/wp-json\/wp\/v2\/pages\/1323\/revisions\/1344"}],"wp:featuredmedia":[{"embeddable":true,"href":"https:\/\/www.caroline-arucci.fr\/index.php\/wp-json\/wp\/v2\/media\/1336"}],"wp:attachment":[{"href":"https:\/\/www.caroline-arucci.fr\/index.php\/wp-json\/wp\/v2\/media?parent=1323"}],"curies":[{"name":"wp","href":"https:\/\/api.w.org\/{rel}","templated":true}]}}