{"id":1099,"date":"2025-08-08T14:32:58","date_gmt":"2025-08-08T14:32:58","guid":{"rendered":"https:\/\/www.caroline-arucci.fr\/?page_id=1099"},"modified":"2025-08-08T14:46:10","modified_gmt":"2025-08-08T14:46:10","slug":"1099-2","status":"publish","type":"page","link":"https:\/\/www.caroline-arucci.fr\/index.php\/1099-2\/","title":{"rendered":"Du Visible \u00e0 l&rsquo;Invisible"},"content":{"rendered":"\n<p><em>Du Visible \u00e0 l&rsquo;Invisible<\/em> : Vid\u00e9o montrant les jeux de lumi\u00e8re au soleil<\/p>\n\n\n\n<figure class=\"wp-block-video\"><video height=\"1280\" style=\"aspect-ratio: 788 \/ 1280;\" width=\"788\" controls src=\"https:\/\/www.caroline-arucci.fr\/wp-content\/uploads\/2025\/08\/copy_90929836-180A-4007-B9B3-BEC7C3834CA4-3.mp4\"><\/video><\/figure>\n\n\n\n<p><em>From the Visible to the Invisible &#8211; Christ<\/em><\/p>\n\n\n\n<p><em>Acrylic on canvas<\/em><\/p>\n\n\n\n<p><em>55 x 46 cm<\/em><\/p>\n\n\n\n<p><em>2021<\/em><\/p>\n","protected":false},"excerpt":{"rendered":"<p>Du Visible \u00e0 l&rsquo;Invisible : Vid\u00e9o montrant les jeux de lumi\u00e8re au soleil From the Visible to the Invisible &#8211; Christ Acrylic on canvas 55 x 46 cm 2021<\/p>\n","protected":false},"author":1,"featured_media":0,"parent":0,"menu_order":0,"comment_status":"closed","ping_status":"closed","template":"","meta":{"om_disable_all_campaigns":false,"_monsterinsights_skip_tracking":false,"_monsterinsights_sitenote_active":false,"_monsterinsights_sitenote_note":"","_monsterinsights_sitenote_category":0,"footnotes":""},"class_list":["post-1099","page","type-page","status-publish","hentry"],"aioseo_notices":[],"_links":{"self":[{"href":"https:\/\/www.caroline-arucci.fr\/index.php\/wp-json\/wp\/v2\/pages\/1099","targetHints":{"allow":["GET"]}}],"collection":[{"href":"https:\/\/www.caroline-arucci.fr\/index.php\/wp-json\/wp\/v2\/pages"}],"about":[{"href":"https:\/\/www.caroline-arucci.fr\/index.php\/wp-json\/wp\/v2\/types\/page"}],"author":[{"embeddable":true,"href":"https:\/\/www.caroline-arucci.fr\/index.php\/wp-json\/wp\/v2\/users\/1"}],"replies":[{"embeddable":true,"href":"https:\/\/www.caroline-arucci.fr\/index.php\/wp-json\/wp\/v2\/comments?post=1099"}],"version-history":[{"count":4,"href":"https:\/\/www.caroline-arucci.fr\/index.php\/wp-json\/wp\/v2\/pages\/1099\/revisions"}],"predecessor-version":[{"id":1105,"href":"https:\/\/www.caroline-arucci.fr\/index.php\/wp-json\/wp\/v2\/pages\/1099\/revisions\/1105"}],"wp:attachment":[{"href":"https:\/\/www.caroline-arucci.fr\/index.php\/wp-json\/wp\/v2\/media?parent=1099"}],"curies":[{"name":"wp","href":"https:\/\/api.w.org\/{rel}","templated":true}]}}